{"id":250,"date":"2025-10-19T14:29:30","date_gmt":"2025-10-19T14:29:30","guid":{"rendered":"https:\/\/vig-bay.com\/?page_id=250"},"modified":"2025-11-04T05:13:39","modified_gmt":"2025-11-04T05:13:39","slug":"dorsal-solidario","status":"publish","type":"page","link":"https:\/\/vig-bay.com\/pt\/vig-bay\/dorsal-solidario\/","title":{"rendered":"Babete de solidariedade"},"content":{"rendered":"<div data-elementor-type=\"wp-page\" data-elementor-id=\"250\" class=\"elementor elementor-250\" data-elementor-post-type=\"page\">\n\t\t\t\t<div class=\"elementor-element elementor-element-6a283703 e-flex e-con-boxed e-con e-parent\" data-id=\"6a283703\" data-element_type=\"container\" data-e-type=\"container\">\n\t\t\t\t\t<div class=\"e-con-inner\">\n\t\t\t\t<div class=\"elementor-element elementor-element-5ded7347 e-transform elementor-widget elementor-widget-heading\" data-id=\"5ded7347\" data-element_type=\"widget\" data-e-type=\"widget\" data-settings=\"{&quot;_transform_scaleX_effect_hover&quot;:{&quot;unit&quot;:&quot;px&quot;,&quot;size&quot;:&quot;&quot;,&quot;sizes&quot;:[]},&quot;_transform_scaleX_effect_hover_tablet&quot;:{&quot;unit&quot;:&quot;px&quot;,&quot;size&quot;:&quot;&quot;,&quot;sizes&quot;:[]},&quot;_transform_scaleX_effect_hover_mobile&quot;:{&quot;unit&quot;:&quot;px&quot;,&quot;size&quot;:&quot;&quot;,&quot;sizes&quot;:[]},&quot;_transform_scaleY_effect_hover&quot;:{&quot;unit&quot;:&quot;px&quot;,&quot;size&quot;:&quot;&quot;,&quot;sizes&quot;:[]},&quot;_transform_scaleY_effect_hover_tablet&quot;:{&quot;unit&quot;:&quot;px&quot;,&quot;size&quot;:&quot;&quot;,&quot;sizes&quot;:[]},&quot;_transform_scaleY_effect_hover_mobile&quot;:{&quot;unit&quot;:&quot;px&quot;,&quot;size&quot;:&quot;&quot;,&quot;sizes&quot;:[]}}\" data-widget_type=\"heading.default\">\n\t\t\t\t\t<h2 class=\"elementor-heading-title elementor-size-default\">EM QUE \u00c9 QUE CONSISTE?<\/h2>\t\t\t\t<\/div>\n\t\t\t\t<div class=\"elementor-element elementor-element-3adc7cee elementor-widget elementor-widget-text-editor\" data-id=\"3adc7cee\" data-element_type=\"widget\" data-e-type=\"widget\" data-widget_type=\"text-editor.default\">\n\t\t\t\t\t\t\t\t\t<p>Tudo o que precisa de saber sobre o n\u00famero de identifica\u00e7\u00e3o da institui\u00e7\u00e3o de solidariedade social<\/p>\t\t\t\t\t\t\t\t<\/div>\n\t\t\t\t\t<\/div>\n\t\t\t\t<\/div>\n\t\t<div class=\"elementor-element elementor-element-1f85814 e-flex e-con-boxed e-con e-parent\" data-id=\"1f85814\" data-element_type=\"container\" data-e-type=\"container\">\n\t\t\t\t\t<div class=\"e-con-inner\">\n\t\t\t\t<div class=\"elementor-element elementor-element-0e08bd2 elementor-widget elementor-widget-text-editor\" data-id=\"0e08bd2\" data-element_type=\"widget\" data-e-type=\"widget\" data-widget_type=\"text-editor.default\">\n\t\t\t\t\t\t\t\t\t<p>O Dorsal Solid\u00e1rio \u00e9 um tipo de inscri\u00e7\u00e3o em que o participante acrescenta um pequeno montante extra \u00e0 sua inscri\u00e7\u00e3o para <strong data-start=\"226\" data-end=\"269\">do\u00e1-lo na totalidade a uma causa social<\/strong> ligado \u00e0 carreira.<\/p>\t\t\t\t\t\t\t\t<\/div>\n\t\t\t\t\t<\/div>\n\t\t\t\t<\/div>\n\t\t<div class=\"elementor-element elementor-element-ca4ec08 e-grid e-con-boxed e-con e-parent\" data-id=\"ca4ec08\" data-element_type=\"container\" data-e-type=\"container\">\n\t\t\t\t\t<div class=\"e-con-inner\">\n\t\t\t\t<div class=\"elementor-element elementor-element-a00f5dd elementor-widget elementor-widget-text-editor\" data-id=\"a00f5dd\" data-element_type=\"widget\" data-e-type=\"widget\" data-widget_type=\"text-editor.default\">\n\t\t\t\t\t\t\t\t\t<section class=\"dorsal-solidario\" aria-labelledby=\"titulo-dorsal-solidario\"><div class=\"wrap\"><h2 id=\"titulo-dorsal-solidario\">Babete de solidariedade (+10 \u20ac)<\/h2><p>Optar pelo <strong>Babete de solidariedade<\/strong> significa acrescentar <strong>+10 \u20ac<\/strong> ao seu registo, um montante que ser\u00e1<br \/><strong>ser\u00e1 doado na sua totalidade ao Centro Juan Mar\u00eda.<\/strong>, uma entidade local dedicada \u00e0 inclus\u00e3o de pessoas com defici\u00eancias intelectuais.<\/p><ul><li><strong>Babete de identifica\u00e7\u00e3o<\/strong> com um design diferenciado para tornar vis\u00edvel o seu apoio.<\/li><li><strong>Acesso preferencial \u00e0 zona de partida<\/strong> para participantes solid\u00e1rios.<\/li><li><strong>Os mesmos direitos e servi\u00e7os<\/strong> para al\u00e9m da inscri\u00e7\u00e3o normal: cronometragem, classifica\u00e7\u00e3o e servi\u00e7o ao corredor.<\/li><\/ul><h3>Transpar\u00eancia e gest\u00e3o de donativos<\/h3><ul><li>A organiza\u00e7\u00e3o <strong>deve transferir o 100%<\/strong> do montante de solidariedade para a entidade benefici\u00e1ria.<\/li><li>Ap\u00f3s o evento, <strong>publicaremos o total angariado<\/strong> para refor\u00e7ar o nosso empenhamento na transpar\u00eancia.<\/li><li>O montante da solidariedade \u00e9 <strong>n\u00e3o reembols\u00e1vel<\/strong> e n\u00e3o pode ser alterado ap\u00f3s a confirma\u00e7\u00e3o da inscri\u00e7\u00e3o.<\/li><\/ul><\/div><\/section>\t\t\t\t\t\t\t\t<\/div>\n\t\t\t\t<div class=\"elementor-element elementor-element-e7df58c elementor-widget elementor-widget-image\" data-id=\"e7df58c\" data-element_type=\"widget\" data-e-type=\"widget\" data-widget_type=\"image.default\">\n\t\t\t\t\t\t\t\t\t\t\t\t\t\t\t<img fetchpriority=\"high\" decoding=\"async\" width=\"1024\" height=\"675\" src=\"https:\/\/vig-bay.com\/wp-content\/uploads\/2025\/10\/CEE-Juan-Maria-primer-premio-para-web-1024x675-1.jpg\" class=\"attachment-large size-large wp-image-255\" alt=\"\" srcset=\"https:\/\/vig-bay.com\/wp-content\/uploads\/2025\/10\/CEE-Juan-Maria-primer-premio-para-web-1024x675-1.jpg 1024w, https:\/\/vig-bay.com\/wp-content\/uploads\/2025\/10\/CEE-Juan-Maria-primer-premio-para-web-1024x675-1-300x198.jpg 300w, https:\/\/vig-bay.com\/wp-content\/uploads\/2025\/10\/CEE-Juan-Maria-primer-premio-para-web-1024x675-1-768x506.jpg 768w\" sizes=\"(max-width: 1024px) 100vw, 1024px\" \/>\t\t\t\t\t\t\t\t\t\t\t\t\t\t\t<\/div>\n\t\t\t\t\t<\/div>\n\t\t\t\t<\/div>\n\t\t<div class=\"elementor-element elementor-element-e89830c e-flex e-con-boxed e-con e-parent\" data-id=\"e89830c\" data-element_type=\"container\" data-e-type=\"container\">\n\t\t\t\t\t<div class=\"e-con-inner\">\n\t\t\t\t<div class=\"elementor-element elementor-element-485c725 elementor-widget elementor-widget-heading\" data-id=\"485c725\" data-element_type=\"widget\" data-e-type=\"widget\" data-widget_type=\"heading.default\">\n\t\t\t\t\t<h2 class=\"elementor-heading-title elementor-size-default\">Jo\u00e3o Maria<\/h2>\t\t\t\t<\/div>\n\t\t\t\t<div class=\"elementor-element elementor-element-3fca056 elementor-widget elementor-widget-text-editor\" data-id=\"3fca056\" data-element_type=\"widget\" data-e-type=\"widget\" data-widget_type=\"text-editor.default\">\n\t\t\t\t\t\t\t\t\t<p><span style=\"font-style: inherit; font-weight: inherit; color: var( --e-global-color-astglobalcolor2 ); text-align: var(--text-align); background-color: var(--ast-global-color-4);\">O Centro Juan Mar\u00eda \u00e9 uma associa\u00e7\u00e3o de fam\u00edlias e um ponto de refer\u00eancia na <\/span><strong style=\"font-style: inherit; color: var( --e-global-color-astglobalcolor2 ); text-align: var(--text-align); background-color: var(--ast-global-color-4);\" data-start=\"211\" data-end=\"265\">inclus\u00e3o de pessoas com defici\u00eancias intelectuais<\/strong><span style=\"font-style: inherit; font-weight: inherit; color: var( --e-global-color-astglobalcolor2 ); text-align: var(--text-align); background-color: var(--ast-global-color-4);\"> na zona de Val Mi\u00f1or e Vigo. Oferece cuidados integrais ao longo de todo o ciclo de vida atrav\u00e9s de <\/span><strong style=\"font-style: inherit; color: var( --e-global-color-astglobalcolor2 ); text-align: var(--text-align); background-color: var(--ast-global-color-4);\" data-start=\"359\" data-end=\"388\">centro educativo (C.E.E.)<\/strong><span style=\"font-style: inherit; font-weight: inherit; color: var( --e-global-color-astglobalcolor2 ); text-align: var(--text-align); background-color: var(--ast-global-color-4);\">, <\/span><strong style=\"font-style: inherit; color: var( --e-global-color-astglobalcolor2 ); text-align: var(--text-align); background-color: var(--ast-global-color-4);\" data-start=\"390\" data-end=\"407\" data-is-only-node=\"\">centro de dia<\/strong><span style=\"font-style: inherit; font-weight: inherit; color: var( --e-global-color-astglobalcolor2 ); text-align: var(--text-align); background-color: var(--ast-global-color-4);\">, <\/span><strong style=\"font-style: inherit; color: var( --e-global-color-astglobalcolor2 ); text-align: var(--text-align); background-color: var(--ast-global-color-4);\" data-start=\"409\" data-end=\"431\">centro de emprego<\/strong><span style=\"font-style: inherit; font-weight: inherit; color: var( --e-global-color-astglobalcolor2 ); text-align: var(--text-align); background-color: var(--ast-global-color-4);\"> y <\/span><strong style=\"font-style: inherit; color: var( --e-global-color-astglobalcolor2 ); text-align: var(--text-align); background-color: var(--ast-global-color-4);\" data-start=\"434\" data-end=\"463\">centro especial de emprego<\/strong><span style=\"font-style: inherit; font-weight: inherit; color: var( --e-global-color-astglobalcolor2 ); text-align: var(--text-align); background-color: var(--ast-global-color-4);\">, com o objetivo de melhorar a <\/span><strong style=\"font-style: inherit; color: var( --e-global-color-astglobalcolor2 ); text-align: var(--text-align); background-color: var(--ast-global-color-4);\" data-start=\"495\" data-end=\"566\">autonomia, forma\u00e7\u00e3o, empregabilidade e participa\u00e7\u00e3o social<\/strong><span style=\"font-style: inherit; font-weight: inherit; color: var( --e-global-color-astglobalcolor2 ); text-align: var(--text-align); background-color: var(--ast-global-color-4);\">. Nascida em 1983-1984 como uma iniciativa de bairro em Parada (Nigr\u00e1n), conta hoje com uma vasta equipa profissional (mais de cinquenta pessoas) e com projectos de sensibiliza\u00e7\u00e3o e acessibilidade na comunidade.<\/span><\/p>\t\t\t\t\t\t\t\t<\/div>\n\t\t\t\t\t<\/div>\n\t\t\t\t<\/div>\n\t\t\t\t<\/div>","protected":false},"excerpt":{"rendered":"<p>\u00bfEN QUE CONSISTE? Todo lo que necesitas saber sobre el dorsal solidario El Dorsal Solidario es una modalidad de inscripci\u00f3n [&hellip;]<\/p>\n","protected":false},"author":1,"featured_media":0,"parent":243,"menu_order":0,"comment_status":"closed","ping_status":"closed","template":"","meta":{"site-sidebar-layout":"no-sidebar","site-content-layout":"","ast-site-content-layout":"full-width-container","site-content-style":"default","site-sidebar-style":"default","ast-global-header-display":"","ast-banner-title-visibility":"","ast-main-header-display":"","ast-hfb-above-header-display":"","ast-hfb-below-header-display":"","ast-hfb-mobile-header-display":"","site-post-title":"disabled","ast-breadcrumbs-content":"","ast-featured-img":"disabled","footer-sml-layout":"","theme-transparent-header-meta":"","adv-header-id-meta":"","stick-header-meta":"","header-above-stick-meta":"","header-main-stick-meta":"","header-below-stick-meta":"","astra-migrate-meta-layouts":"default","ast-page-background-enabled":"default","ast-page-background-meta":{"desktop":{"background-color":"var(--ast-global-color-5)","background-image":"","background-repeat":"repeat","background-position":"center center","background-size":"auto","background-attachment":"scroll","background-type":"","background-media":"","overlay-type":"","overlay-color":"","overlay-opacity":"","overlay-gradient":""},"tablet":{"background-color":"","background-image":"","background-repeat":"repeat","background-position":"center center","background-size":"auto","background-attachment":"scroll","background-type":"","background-media":"","overlay-type":"","overlay-color":"","overlay-opacity":"","overlay-gradient":""},"mobile":{"background-color":"","background-image":"","background-repeat":"repeat","background-position":"center center","background-size":"auto","background-attachment":"scroll","background-type":"","background-media":"","overlay-type":"","overlay-color":"","overlay-opacity":"","overlay-gradient":""}},"ast-content-background-meta":{"desktop":{"background-color":"var(--ast-global-color-4)","background-image":"","background-repeat":"repeat","background-position":"center center","background-size":"auto","background-attachment":"scroll","background-type":"","background-media":"","overlay-type":"","overlay-color":"","overlay-opacity":"","overlay-gradient":""},"tablet":{"background-color":"var(--ast-global-color-4)","background-image":"","background-repeat":"repeat","background-position":"center center","background-size":"auto","background-attachment":"scroll","background-type":"","background-media":"","overlay-type":"","overlay-color":"","overlay-opacity":"","overlay-gradient":""},"mobile":{"background-color":"var(--ast-global-color-4)","background-image":"","background-repeat":"repeat","background-position":"center center","background-size":"auto","background-attachment":"scroll","background-type":"","background-media":"","overlay-type":"","overlay-color":"","overlay-opacity":"","overlay-gradient":""}},"footnotes":""},"class_list":["post-250","page","type-page","status-publish","hentry"],"yoast_head":"<!-- This site is optimized with the Yoast SEO plugin v27.1.1 - https:\/\/yoast.com\/product\/yoast-seo-wordpress\/ -->\n<title>Dorsal solidario - vig-bay.com<\/title>\n<meta name=\"robots\" content=\"index, follow, max-snippet:-1, max-image-preview:large, max-video-preview:-1\" \/>\n<link rel=\"canonical\" href=\"https:\/\/vig-bay.com\/pt\/vig-bay\/dorsal-solidario\/\" \/>\n<meta property=\"og:locale\" content=\"pt_PT\" \/>\n<meta property=\"og:type\" content=\"article\" \/>\n<meta property=\"og:title\" content=\"Dorsal solidario - vig-bay.com\" \/>\n<meta property=\"og:description\" content=\"\u00bfEN QUE CONSISTE? Todo lo que necesitas saber sobre el dorsal solidario El Dorsal Solidario es una modalidad de inscripci\u00f3n [&hellip;]\" \/>\n<meta property=\"og:url\" content=\"https:\/\/vig-bay.com\/pt\/vig-bay\/dorsal-solidario\/\" \/>\n<meta property=\"og:site_name\" content=\"vig-bay.com\" \/>\n<meta property=\"article:modified_time\" content=\"2025-11-04T05:13:39+00:00\" \/>\n<meta property=\"og:image\" content=\"https:\/\/vig-bay.com\/wp-content\/uploads\/2025\/10\/CEE-Juan-Maria-primer-premio-para-web-1024x675-1.jpg\" \/>\n<meta name=\"twitter:card\" content=\"summary_large_image\" \/>\n<meta name=\"twitter:label1\" content=\"Tempo estimado de leitura\" \/>\n\t<meta name=\"twitter:data1\" content=\"1 minuto\" \/>\n<script type=\"application\/ld+json\" class=\"yoast-schema-graph\">{\"@context\":\"https:\/\/schema.org\",\"@graph\":[{\"@type\":\"WebPage\",\"@id\":\"https:\/\/vig-bay.com\/vig-bay\/dorsal-solidario\/\",\"url\":\"https:\/\/vig-bay.com\/vig-bay\/dorsal-solidario\/\",\"name\":\"Dorsal solidario - vig-bay.com\",\"isPartOf\":{\"@id\":\"https:\/\/vig-bay.com\/#website\"},\"primaryImageOfPage\":{\"@id\":\"https:\/\/vig-bay.com\/vig-bay\/dorsal-solidario\/#primaryimage\"},\"image\":{\"@id\":\"https:\/\/vig-bay.com\/vig-bay\/dorsal-solidario\/#primaryimage\"},\"thumbnailUrl\":\"https:\/\/vig-bay.com\/wp-content\/uploads\/2025\/10\/CEE-Juan-Maria-primer-premio-para-web-1024x675-1.jpg\",\"datePublished\":\"2025-10-19T14:29:30+00:00\",\"dateModified\":\"2025-11-04T05:13:39+00:00\",\"breadcrumb\":{\"@id\":\"https:\/\/vig-bay.com\/vig-bay\/dorsal-solidario\/#breadcrumb\"},\"inLanguage\":\"pt-PT\",\"potentialAction\":[{\"@type\":\"ReadAction\",\"target\":[\"https:\/\/vig-bay.com\/vig-bay\/dorsal-solidario\/\"]}]},{\"@type\":\"ImageObject\",\"inLanguage\":\"pt-PT\",\"@id\":\"https:\/\/vig-bay.com\/vig-bay\/dorsal-solidario\/#primaryimage\",\"url\":\"https:\/\/vig-bay.com\/wp-content\/uploads\/2025\/10\/CEE-Juan-Maria-primer-premio-para-web-1024x675-1.jpg\",\"contentUrl\":\"https:\/\/vig-bay.com\/wp-content\/uploads\/2025\/10\/CEE-Juan-Maria-primer-premio-para-web-1024x675-1.jpg\"},{\"@type\":\"BreadcrumbList\",\"@id\":\"https:\/\/vig-bay.com\/vig-bay\/dorsal-solidario\/#breadcrumb\",\"itemListElement\":[{\"@type\":\"ListItem\",\"position\":1,\"name\":\"Portada\",\"item\":\"https:\/\/vig-bay.com\/\"},{\"@type\":\"ListItem\",\"position\":2,\"name\":\"Vig-Bay\",\"item\":\"https:\/\/vig-bay.com\/?page_id=243\"},{\"@type\":\"ListItem\",\"position\":3,\"name\":\"Dorsal solidario\"}]},{\"@type\":\"WebSite\",\"@id\":\"https:\/\/vig-bay.com\/#website\",\"url\":\"https:\/\/vig-bay.com\/\",\"name\":\"vig-bay.com\",\"description\":\"\",\"publisher\":{\"@id\":\"https:\/\/vig-bay.com\/#organization\"},\"potentialAction\":[{\"@type\":\"SearchAction\",\"target\":{\"@type\":\"EntryPoint\",\"urlTemplate\":\"https:\/\/vig-bay.com\/?s={search_term_string}\"},\"query-input\":{\"@type\":\"PropertyValueSpecification\",\"valueRequired\":true,\"valueName\":\"search_term_string\"}}],\"inLanguage\":\"pt-PT\"},{\"@type\":\"Organization\",\"@id\":\"https:\/\/vig-bay.com\/#organization\",\"name\":\"vig-bay.com\",\"url\":\"https:\/\/vig-bay.com\/\",\"logo\":{\"@type\":\"ImageObject\",\"inLanguage\":\"pt-PT\",\"@id\":\"https:\/\/vig-bay.com\/#\/schema\/logo\/image\/\",\"url\":\"https:\/\/vig-bay.com\/wp-content\/uploads\/2025\/07\/cropped-logo-vigbay_Mesa-de-trabajo-1-1.png\",\"contentUrl\":\"https:\/\/vig-bay.com\/wp-content\/uploads\/2025\/07\/cropped-logo-vigbay_Mesa-de-trabajo-1-1.png\",\"width\":512,\"height\":512,\"caption\":\"vig-bay.com\"},\"image\":{\"@id\":\"https:\/\/vig-bay.com\/#\/schema\/logo\/image\/\"}}]}<\/script>\n<!-- \/ Yoast SEO plugin. -->","yoast_head_json":{"title":"Dorsal solidario - vig-bay.com","robots":{"index":"index","follow":"follow","max-snippet":"max-snippet:-1","max-image-preview":"max-image-preview:large","max-video-preview":"max-video-preview:-1"},"canonical":"https:\/\/vig-bay.com\/pt\/vig-bay\/dorsal-solidario\/","og_locale":"pt_PT","og_type":"article","og_title":"Dorsal solidario - vig-bay.com","og_description":"\u00bfEN QUE CONSISTE? Todo lo que necesitas saber sobre el dorsal solidario El Dorsal Solidario es una modalidad de inscripci\u00f3n [&hellip;]","og_url":"https:\/\/vig-bay.com\/pt\/vig-bay\/dorsal-solidario\/","og_site_name":"vig-bay.com","article_modified_time":"2025-11-04T05:13:39+00:00","og_image":[{"url":"https:\/\/vig-bay.com\/wp-content\/uploads\/2025\/10\/CEE-Juan-Maria-primer-premio-para-web-1024x675-1.jpg","type":"","width":"","height":""}],"twitter_card":"summary_large_image","twitter_misc":{"Tempo estimado de leitura":"1 minuto"},"schema":{"@context":"https:\/\/schema.org","@graph":[{"@type":"WebPage","@id":"https:\/\/vig-bay.com\/vig-bay\/dorsal-solidario\/","url":"https:\/\/vig-bay.com\/vig-bay\/dorsal-solidario\/","name":"Dorsal solidario - vig-bay.com","isPartOf":{"@id":"https:\/\/vig-bay.com\/#website"},"primaryImageOfPage":{"@id":"https:\/\/vig-bay.com\/vig-bay\/dorsal-solidario\/#primaryimage"},"image":{"@id":"https:\/\/vig-bay.com\/vig-bay\/dorsal-solidario\/#primaryimage"},"thumbnailUrl":"https:\/\/vig-bay.com\/wp-content\/uploads\/2025\/10\/CEE-Juan-Maria-primer-premio-para-web-1024x675-1.jpg","datePublished":"2025-10-19T14:29:30+00:00","dateModified":"2025-11-04T05:13:39+00:00","breadcrumb":{"@id":"https:\/\/vig-bay.com\/vig-bay\/dorsal-solidario\/#breadcrumb"},"inLanguage":"pt-PT","potentialAction":[{"@type":"ReadAction","target":["https:\/\/vig-bay.com\/vig-bay\/dorsal-solidario\/"]}]},{"@type":"ImageObject","inLanguage":"pt-PT","@id":"https:\/\/vig-bay.com\/vig-bay\/dorsal-solidario\/#primaryimage","url":"https:\/\/vig-bay.com\/wp-content\/uploads\/2025\/10\/CEE-Juan-Maria-primer-premio-para-web-1024x675-1.jpg","contentUrl":"https:\/\/vig-bay.com\/wp-content\/uploads\/2025\/10\/CEE-Juan-Maria-primer-premio-para-web-1024x675-1.jpg"},{"@type":"BreadcrumbList","@id":"https:\/\/vig-bay.com\/vig-bay\/dorsal-solidario\/#breadcrumb","itemListElement":[{"@type":"ListItem","position":1,"name":"Portada","item":"https:\/\/vig-bay.com\/"},{"@type":"ListItem","position":2,"name":"Vig-Bay","item":"https:\/\/vig-bay.com\/?page_id=243"},{"@type":"ListItem","position":3,"name":"Dorsal solidario"}]},{"@type":"WebSite","@id":"https:\/\/vig-bay.com\/#website","url":"https:\/\/vig-bay.com\/","name":"vig-bay.com","description":"","publisher":{"@id":"https:\/\/vig-bay.com\/#organization"},"potentialAction":[{"@type":"SearchAction","target":{"@type":"EntryPoint","urlTemplate":"https:\/\/vig-bay.com\/?s={search_term_string}"},"query-input":{"@type":"PropertyValueSpecification","valueRequired":true,"valueName":"search_term_string"}}],"inLanguage":"pt-PT"},{"@type":"Organization","@id":"https:\/\/vig-bay.com\/#organization","name":"vig-bay.com","url":"https:\/\/vig-bay.com\/","logo":{"@type":"ImageObject","inLanguage":"pt-PT","@id":"https:\/\/vig-bay.com\/#\/schema\/logo\/image\/","url":"https:\/\/vig-bay.com\/wp-content\/uploads\/2025\/07\/cropped-logo-vigbay_Mesa-de-trabajo-1-1.png","contentUrl":"https:\/\/vig-bay.com\/wp-content\/uploads\/2025\/07\/cropped-logo-vigbay_Mesa-de-trabajo-1-1.png","width":512,"height":512,"caption":"vig-bay.com"},"image":{"@id":"https:\/\/vig-bay.com\/#\/schema\/logo\/image\/"}}]}},"_links":{"self":[{"href":"https:\/\/vig-bay.com\/pt\/wp-json\/wp\/v2\/pages\/250","targetHints":{"allow":["GET"]}}],"collection":[{"href":"https:\/\/vig-bay.com\/pt\/wp-json\/wp\/v2\/pages"}],"about":[{"href":"https:\/\/vig-bay.com\/pt\/wp-json\/wp\/v2\/types\/page"}],"author":[{"embeddable":true,"href":"https:\/\/vig-bay.com\/pt\/wp-json\/wp\/v2\/users\/1"}],"replies":[{"embeddable":true,"href":"https:\/\/vig-bay.com\/pt\/wp-json\/wp\/v2\/comments?post=250"}],"version-history":[{"count":13,"href":"https:\/\/vig-bay.com\/pt\/wp-json\/wp\/v2\/pages\/250\/revisions"}],"predecessor-version":[{"id":777,"href":"https:\/\/vig-bay.com\/pt\/wp-json\/wp\/v2\/pages\/250\/revisions\/777"}],"up":[{"embeddable":true,"href":"https:\/\/vig-bay.com\/pt\/wp-json\/wp\/v2\/pages\/243"}],"wp:attachment":[{"href":"https:\/\/vig-bay.com\/pt\/wp-json\/wp\/v2\/media?parent=250"}],"curies":[{"name":"wp","href":"https:\/\/api.w.org\/{rel}","templated":true}]}}