{"id":241,"date":"2025-10-14T13:09:00","date_gmt":"2025-10-14T13:09:00","guid":{"rendered":"https:\/\/vig-bay.com\/?page_id=241"},"modified":"2025-11-14T19:22:06","modified_gmt":"2025-11-14T19:22:06","slug":"historia","status":"publish","type":"page","link":"https:\/\/vig-bay.com\/pt\/vig-bay\/historia\/","title":{"rendered":"Hist\u00f3ria"},"content":{"rendered":"<div data-elementor-type=\"wp-page\" data-elementor-id=\"241\" class=\"elementor elementor-241\" data-elementor-post-type=\"page\">\n\t\t\t\t<div class=\"elementor-element elementor-element-6a283703 e-flex e-con-boxed e-con e-parent\" data-id=\"6a283703\" data-element_type=\"container\" data-e-type=\"container\">\n\t\t\t\t\t<div class=\"e-con-inner\">\n\t\t\t\t<div class=\"elementor-element elementor-element-5ded7347 e-transform elementor-widget elementor-widget-heading\" data-id=\"5ded7347\" data-element_type=\"widget\" data-e-type=\"widget\" data-settings=\"{&quot;_transform_scaleX_effect_hover&quot;:{&quot;unit&quot;:&quot;px&quot;,&quot;size&quot;:&quot;&quot;,&quot;sizes&quot;:[]},&quot;_transform_scaleX_effect_hover_tablet&quot;:{&quot;unit&quot;:&quot;px&quot;,&quot;size&quot;:&quot;&quot;,&quot;sizes&quot;:[]},&quot;_transform_scaleX_effect_hover_mobile&quot;:{&quot;unit&quot;:&quot;px&quot;,&quot;size&quot;:&quot;&quot;,&quot;sizes&quot;:[]},&quot;_transform_scaleY_effect_hover&quot;:{&quot;unit&quot;:&quot;px&quot;,&quot;size&quot;:&quot;&quot;,&quot;sizes&quot;:[]},&quot;_transform_scaleY_effect_hover_tablet&quot;:{&quot;unit&quot;:&quot;px&quot;,&quot;size&quot;:&quot;&quot;,&quot;sizes&quot;:[]},&quot;_transform_scaleY_effect_hover_mobile&quot;:{&quot;unit&quot;:&quot;px&quot;,&quot;size&quot;:&quot;&quot;,&quot;sizes&quot;:[]}}\" data-widget_type=\"heading.default\">\n\t\t\t\t\t<h2 class=\"elementor-heading-title elementor-size-default\">CELEBRAMOS 25 ANOS DE HIST\u00d3RIA!<\/h2>\t\t\t\t<\/div>\n\t\t\t\t<div class=\"elementor-element elementor-element-3adc7cee elementor-widget elementor-widget-text-editor\" data-id=\"3adc7cee\" data-element_type=\"widget\" data-e-type=\"widget\" data-widget_type=\"text-editor.default\">\n\t\t\t\t\t\t\t\t\t<p>\u00c9 assim que \u00e9 no in\u00edcio da corrida<\/p>\t\t\t\t\t\t\t\t<\/div>\n\t\t\t\t\t<\/div>\n\t\t\t\t<\/div>\n\t\t<div class=\"elementor-element elementor-element-3593acc e-flex e-con-boxed e-con e-parent\" data-id=\"3593acc\" data-element_type=\"container\" data-e-type=\"container\">\n\t\t\t\t\t<div class=\"e-con-inner\">\n\t\t\t\t<div class=\"elementor-element elementor-element-3684623 elementor-widget elementor-widget-video\" data-id=\"3684623\" data-element_type=\"widget\" data-e-type=\"widget\" data-settings=\"{&quot;youtube_url&quot;:&quot;https:\\\/\\\/www.youtube.com\\\/watch?v=fdSfcrBeFSI&amp;t=139s&quot;,&quot;video_type&quot;:&quot;youtube&quot;,&quot;controls&quot;:&quot;yes&quot;}\" data-widget_type=\"video.default\">\n\t\t\t\t\t\t\t<div class=\"elementor-wrapper elementor-open-inline\">\n\t\t\t<div class=\"elementor-video\"><\/div>\t\t<\/div>\n\t\t\t\t\t\t<\/div>\n\t\t\t\t\t<\/div>\n\t\t\t\t<\/div>\n\t\t<div class=\"elementor-element elementor-element-6dfc199 e-flex e-con-boxed e-con e-parent\" data-id=\"6dfc199\" data-element_type=\"container\" data-e-type=\"container\">\n\t\t\t\t\t<div class=\"e-con-inner\">\n\t\t\t\t<div class=\"elementor-element elementor-element-149889b elementor-widget elementor-widget-zigzag\" data-id=\"149889b\" data-element_type=\"widget\" data-e-type=\"widget\" data-settings=\"{&quot;image_shape&quot;:&quot;sharp&quot;}\" data-widget_type=\"zigzag.default\">\n\t\t\t\t<div class=\"elementor-widget-container\">\n\t\t\t\t\t\t\t<div class=\"ehp-zigzag has-direction-start\">\n\t\t\t\t\t\t\t<div class=\"ehp-zigzag__item-wrapper\">\n\t\t\t\t\t<div class=\"ehp-zigzag__item-container\">\n\t\t\t\t\t\t\t\t<div class=\"ehp-zigzag__graphic-element-container has-image\">\n\t\t\t\t\t\t<div class=\"ehp-image ehp-zigzag__image-container\">\n\t\t\t\t<img decoding=\"async\" class=\"ehp-image__img ehp-zigzag__img has-shape-sharp shape-type-image\" src=\"https:\/\/vig-bay.com\/wp-content\/uploads\/2025\/10\/FOTO-1-e1539272793905.jpg\" title=\"FOTO-1-e1539272793905\" alt=\"FOTO-1-e1539272793905\" loading=\"lazy\" \/>\t\t\t<\/div>\n\t\t\t\t\t<\/div>\n\t\t\t\t<div class=\"ehp-zigzag__text-container is-graphic-image\">\n\t\t\t<h2 class=\"ehp-zigzag__title\">O que \u00e9 o Vig-Bay<\/h2><p class=\"ehp-zigzag__description\">A Meia Maratona Gran Bah\u00eda Vig-Bay \u00e9 uma prova de atletismo no percurso entre Vigo, Nigr\u00e1n e Baiona, com 21.097 m homologados pela RFEA. Para al\u00e9m dos dados desportivos, a sua hist\u00f3ria inclui valores que transcendem a competi\u00e7\u00e3o.<\/p>\t\t<\/div>\n\t\t\t\t\t\t\t<\/div>\n\t\t\t\t<\/div>\n\t\t\t\t\t\t\t\t<div class=\"ehp-zigzag__item-wrapper\">\n\t\t\t\t\t<div class=\"ehp-zigzag__item-container\">\n\t\t\t\t\t\t\t\t<div class=\"ehp-zigzag__graphic-element-container has-image\">\n\t\t\t\t\t\t<div class=\"ehp-image ehp-zigzag__image-container ehp-image ehp-zigzag__image-container\">\n\t\t\t\t<img decoding=\"async\" class=\"ehp-image__img ehp-zigzag__img has-shape-sharp shape-type-image\" src=\"https:\/\/vig-bay.com\/wp-content\/uploads\/2025\/10\/FOTO-3.jpg\" title=\"FOTO-3\" alt=\"FOTO-3\" loading=\"lazy\" \/>\t\t\t<\/div>\n\t\t\t\t\t<\/div>\n\t\t\t\t<div class=\"ehp-zigzag__text-container is-graphic-image\">\n\t\t\t<h2 class=\"ehp-zigzag__title\">A origem da ideia<\/h2><p class=\"ehp-zigzag__description\">A corrida nasceu do sonho de um empres\u00e1rio, corredor popular e amante da sua cidade. Durante os seus treinos ao longo da costa, teve a ideia de unir as ba\u00edas de Vigo e Baiona numa meia maratona, destacando o encanto tur\u00edstico, paisag\u00edstico e social deste eixo urbano de mais de 300.000 habitantes que atrai milhares de visitantes.<\/p>\t\t<\/div>\n\t\t\t\t\t\t\t<\/div>\n\t\t\t\t<\/div>\n\t\t\t\t\t\t\t\t<div class=\"ehp-zigzag__item-wrapper\">\n\t\t\t\t\t<div class=\"ehp-zigzag__item-container\">\n\t\t\t\t\t\t\t\t<div class=\"ehp-zigzag__graphic-element-container has-image\">\n\t\t\t\t\t\t<div class=\"ehp-image ehp-zigzag__image-container ehp-image ehp-zigzag__image-container ehp-image ehp-zigzag__image-container\">\n\t\t\t\t<img decoding=\"async\" class=\"ehp-image__img ehp-zigzag__img has-shape-sharp shape-type-image\" src=\"https:\/\/vig-bay.com\/wp-content\/uploads\/2025\/10\/Grafico2.jpg\" title=\"Figura 2\" alt=\"Gra\u0301fico2\" loading=\"lazy\" \/>\t\t\t<\/div>\n\t\t\t\t\t<\/div>\n\t\t\t\t<div class=\"ehp-zigzag__text-container is-graphic-image\">\n\t\t\t<h2 class=\"ehp-zigzag__title\">Nome, slogan e significado<\/h2><p class=\"ehp-zigzag__description\">Foi criado o nome Vig-Bay, uma s\u00edntese de Vigo e Baiona, que tamb\u00e9m evoca a \u201cGrande Ba\u00eda\u201d em ingl\u00eas: marca a linha de partida e chegada e define o circuito. O slogan \u201cA todo o custo\u201d brinca com o percurso costeiro e com o esfor\u00e7o necess\u00e1rio para atingir a meta.\n\n\nAs asas n\u00e3o t\u00eam um significado f\u00edsico, mas um significado espiritual: eleva\u00e7\u00e3o e auto-aperfei\u00e7oamento. Na her\u00e1ldica, representam o desejo de se elevar atrav\u00e9s de boas ac\u00e7\u00f5es; no desporto, este impulso nasce da solid\u00e3o do corredor. A refer\u00eancia a \u00cdcaro e ao Fedro de Plat\u00e3o recorda-nos que n\u00e3o basta ter asas: \u00e9 preciso aprender a voar. Foi esta a justifica\u00e7\u00e3o para o s\u00edmbolo que come\u00e7ou nos dorsais de corrida e que acompanha aqueles que fizeram do desporto uma forma de sentir e de viver.<\/p>\t\t<\/div>\n\t\t\t\t\t\t\t<\/div>\n\t\t\t\t<\/div>\n\t\t\t\t\t\t\t\t<div class=\"ehp-zigzag__item-wrapper\">\n\t\t\t\t\t<div class=\"ehp-zigzag__item-container\">\n\t\t\t\t\t\t\t\t<div class=\"ehp-zigzag__graphic-element-container has-image\">\n\t\t\t\t\t\t<div class=\"ehp-image ehp-zigzag__image-container ehp-image ehp-zigzag__image-container ehp-image ehp-zigzag__image-container ehp-image ehp-zigzag__image-container\">\n\t\t\t\t<img decoding=\"async\" class=\"ehp-image__img ehp-zigzag__img has-shape-sharp shape-type-image\" src=\"https:\/\/vig-bay.com\/wp-content\/uploads\/2025\/10\/FOTO-2.jpg\" title=\"FOTO-2\" alt=\"FOTO-2\" loading=\"lazy\" \/>\t\t\t<\/div>\n\t\t\t\t\t<\/div>\n\t\t\t\t<div class=\"ehp-zigzag__text-container is-graphic-image\">\n\t\t\t<h2 class=\"ehp-zigzag__title\">Voc\u00eas tornam o VIG-BAY poss\u00edvel!<\/h2><p class=\"ehp-zigzag__description\">A 27 de fevereiro de 2000, a primeira edi\u00e7\u00e3o da prova arrancou com 613 atletas. Em 2019, celebrou-se a 20\u00aa edi\u00e7\u00e3o com duas modalidades: meia maratona e o grande desafio da maratona. Ap\u00f3s um hiato de dois anos devido \u00e0 COVID-19, em 2022 regressaram a 2\u00aa edi\u00e7\u00e3o da maratona, a 21\u00aa edi\u00e7\u00e3o da meia maratona e o 1\u00ba MINIBAY (Half a Half a Half), como agradecimento a todos os corredores que \u201cderam asas\u201d ao evento. Mensagem da organiza\u00e7\u00e3o: \u201cObrigado a todos! Vamos para a XXV Meia Maratona e para a V MINIBAY\u201d.\u201d<\/p>\t\t<\/div>\n\t\t\t\t\t\t\t<\/div>\n\t\t\t\t<\/div>\n\t\t\t\t\t\t\t<\/div>\n\t\t\t\t\t\t<\/div>\n\t\t\t\t<\/div>\n\t\t\t\t\t<\/div>\n\t\t\t\t<\/div>\n\t\t\t\t<\/div>","protected":false},"excerpt":{"rendered":"<p>\u00a1CELEBRAMOS 25 A\u00d1OS DE HISTORIA! As\u00ed son los comienzos de la carrera https:\/\/www.youtube.com\/watch?v=fdSfcrBeFSI&#038;t=139s Qu\u00e9 es la Vig-Bay El Medio Marat\u00f3n [&hellip;]<\/p>\n","protected":false},"author":1,"featured_media":0,"parent":243,"menu_order":0,"comment_status":"closed","ping_status":"closed","template":"","meta":{"site-sidebar-layout":"no-sidebar","site-content-layout":"","ast-site-content-layout":"full-width-container","site-content-style":"default","site-sidebar-style":"default","ast-global-header-display":"","ast-banner-title-visibility":"","ast-main-header-display":"","ast-hfb-above-header-display":"","ast-hfb-below-header-display":"","ast-hfb-mobile-header-display":"","site-post-title":"disabled","ast-breadcrumbs-content":"","ast-featured-img":"disabled","footer-sml-layout":"","theme-transparent-header-meta":"","adv-header-id-meta":"","stick-header-meta":"","header-above-stick-meta":"","header-main-stick-meta":"","header-below-stick-meta":"","astra-migrate-meta-layouts":"default","ast-page-background-enabled":"default","ast-page-background-meta":{"desktop":{"background-color":"var(--ast-global-color-5)","background-image":"","background-repeat":"repeat","background-position":"center center","background-size":"auto","background-attachment":"scroll","background-type":"","background-media":"","overlay-type":"","overlay-color":"","overlay-opacity":"","overlay-gradient":""},"tablet":{"background-color":"","background-image":"","background-repeat":"repeat","background-position":"center center","background-size":"auto","background-attachment":"scroll","background-type":"","background-media":"","overlay-type":"","overlay-color":"","overlay-opacity":"","overlay-gradient":""},"mobile":{"background-color":"","background-image":"","background-repeat":"repeat","background-position":"center center","background-size":"auto","background-attachment":"scroll","background-type":"","background-media":"","overlay-type":"","overlay-color":"","overlay-opacity":"","overlay-gradient":""}},"ast-content-background-meta":{"desktop":{"background-color":"var(--ast-global-color-4)","background-image":"","background-repeat":"repeat","background-position":"center center","background-size":"auto","background-attachment":"scroll","background-type":"","background-media":"","overlay-type":"","overlay-color":"","overlay-opacity":"","overlay-gradient":""},"tablet":{"background-color":"var(--ast-global-color-4)","background-image":"","background-repeat":"repeat","background-position":"center center","background-size":"auto","background-attachment":"scroll","background-type":"","background-media":"","overlay-type":"","overlay-color":"","overlay-opacity":"","overlay-gradient":""},"mobile":{"background-color":"var(--ast-global-color-4)","background-image":"","background-repeat":"repeat","background-position":"center center","background-size":"auto","background-attachment":"scroll","background-type":"","background-media":"","overlay-type":"","overlay-color":"","overlay-opacity":"","overlay-gradient":""}},"footnotes":""},"class_list":["post-241","page","type-page","status-publish","hentry"],"yoast_head":"<!-- This site is optimized with the Yoast SEO plugin v27.1.1 - https:\/\/yoast.com\/product\/yoast-seo-wordpress\/ -->\n<title>Historia - vig-bay.com<\/title>\n<meta name=\"robots\" content=\"index, follow, max-snippet:-1, max-image-preview:large, max-video-preview:-1\" \/>\n<link rel=\"canonical\" href=\"https:\/\/vig-bay.com\/pt\/vig-bay\/historia\/\" \/>\n<meta property=\"og:locale\" content=\"pt_PT\" \/>\n<meta property=\"og:type\" content=\"article\" \/>\n<meta property=\"og:title\" content=\"Historia - vig-bay.com\" \/>\n<meta property=\"og:description\" content=\"\u00a1CELEBRAMOS 25 A\u00d1OS DE HISTORIA! As\u00ed son los comienzos de la carrera https:\/\/www.youtube.com\/watch?v=fdSfcrBeFSI&#038;t=139s Qu\u00e9 es la Vig-Bay El Medio Marat\u00f3n [&hellip;]\" \/>\n<meta property=\"og:url\" content=\"https:\/\/vig-bay.com\/pt\/vig-bay\/historia\/\" \/>\n<meta property=\"og:site_name\" content=\"vig-bay.com\" \/>\n<meta property=\"article:modified_time\" content=\"2025-11-14T19:22:06+00:00\" \/>\n<meta property=\"og:image\" content=\"https:\/\/vig-bay.com\/wp-content\/uploads\/2025\/10\/FOTO-1-e1539272793905.jpg\" \/>\n<meta name=\"twitter:card\" content=\"summary_large_image\" \/>\n<meta name=\"twitter:label1\" content=\"Tempo estimado de leitura\" \/>\n\t<meta name=\"twitter:data1\" content=\"2 minutos\" \/>\n<script type=\"application\/ld+json\" class=\"yoast-schema-graph\">{\"@context\":\"https:\/\/schema.org\",\"@graph\":[{\"@type\":\"WebPage\",\"@id\":\"https:\/\/vig-bay.com\/vig-bay\/historia\/\",\"url\":\"https:\/\/vig-bay.com\/vig-bay\/historia\/\",\"name\":\"Historia - vig-bay.com\",\"isPartOf\":{\"@id\":\"https:\/\/vig-bay.com\/#website\"},\"primaryImageOfPage\":{\"@id\":\"https:\/\/vig-bay.com\/vig-bay\/historia\/#primaryimage\"},\"image\":{\"@id\":\"https:\/\/vig-bay.com\/vig-bay\/historia\/#primaryimage\"},\"thumbnailUrl\":\"https:\/\/vig-bay.com\/wp-content\/uploads\/2025\/10\/FOTO-1-e1539272793905.jpg\",\"datePublished\":\"2025-10-14T13:09:00+00:00\",\"dateModified\":\"2025-11-14T19:22:06+00:00\",\"breadcrumb\":{\"@id\":\"https:\/\/vig-bay.com\/vig-bay\/historia\/#breadcrumb\"},\"inLanguage\":\"pt-PT\",\"potentialAction\":[{\"@type\":\"ReadAction\",\"target\":[\"https:\/\/vig-bay.com\/vig-bay\/historia\/\"]}]},{\"@type\":\"ImageObject\",\"inLanguage\":\"pt-PT\",\"@id\":\"https:\/\/vig-bay.com\/vig-bay\/historia\/#primaryimage\",\"url\":\"https:\/\/vig-bay.com\/wp-content\/uploads\/2025\/10\/FOTO-1-e1539272793905.jpg\",\"contentUrl\":\"https:\/\/vig-bay.com\/wp-content\/uploads\/2025\/10\/FOTO-1-e1539272793905.jpg\"},{\"@type\":\"BreadcrumbList\",\"@id\":\"https:\/\/vig-bay.com\/vig-bay\/historia\/#breadcrumb\",\"itemListElement\":[{\"@type\":\"ListItem\",\"position\":1,\"name\":\"Portada\",\"item\":\"https:\/\/vig-bay.com\/\"},{\"@type\":\"ListItem\",\"position\":2,\"name\":\"Vig-Bay\",\"item\":\"https:\/\/vig-bay.com\/?page_id=243\"},{\"@type\":\"ListItem\",\"position\":3,\"name\":\"Historia\"}]},{\"@type\":\"WebSite\",\"@id\":\"https:\/\/vig-bay.com\/#website\",\"url\":\"https:\/\/vig-bay.com\/\",\"name\":\"vig-bay.com\",\"description\":\"\",\"publisher\":{\"@id\":\"https:\/\/vig-bay.com\/#organization\"},\"potentialAction\":[{\"@type\":\"SearchAction\",\"target\":{\"@type\":\"EntryPoint\",\"urlTemplate\":\"https:\/\/vig-bay.com\/?s={search_term_string}\"},\"query-input\":{\"@type\":\"PropertyValueSpecification\",\"valueRequired\":true,\"valueName\":\"search_term_string\"}}],\"inLanguage\":\"pt-PT\"},{\"@type\":\"Organization\",\"@id\":\"https:\/\/vig-bay.com\/#organization\",\"name\":\"vig-bay.com\",\"url\":\"https:\/\/vig-bay.com\/\",\"logo\":{\"@type\":\"ImageObject\",\"inLanguage\":\"pt-PT\",\"@id\":\"https:\/\/vig-bay.com\/#\/schema\/logo\/image\/\",\"url\":\"https:\/\/vig-bay.com\/wp-content\/uploads\/2025\/07\/cropped-logo-vigbay_Mesa-de-trabajo-1-1.png\",\"contentUrl\":\"https:\/\/vig-bay.com\/wp-content\/uploads\/2025\/07\/cropped-logo-vigbay_Mesa-de-trabajo-1-1.png\",\"width\":512,\"height\":512,\"caption\":\"vig-bay.com\"},\"image\":{\"@id\":\"https:\/\/vig-bay.com\/#\/schema\/logo\/image\/\"}}]}<\/script>\n<!-- \/ Yoast SEO plugin. -->","yoast_head_json":{"title":"Historia - vig-bay.com","robots":{"index":"index","follow":"follow","max-snippet":"max-snippet:-1","max-image-preview":"max-image-preview:large","max-video-preview":"max-video-preview:-1"},"canonical":"https:\/\/vig-bay.com\/pt\/vig-bay\/historia\/","og_locale":"pt_PT","og_type":"article","og_title":"Historia - vig-bay.com","og_description":"\u00a1CELEBRAMOS 25 A\u00d1OS DE HISTORIA! As\u00ed son los comienzos de la carrera https:\/\/www.youtube.com\/watch?v=fdSfcrBeFSI&#038;t=139s Qu\u00e9 es la Vig-Bay El Medio Marat\u00f3n [&hellip;]","og_url":"https:\/\/vig-bay.com\/pt\/vig-bay\/historia\/","og_site_name":"vig-bay.com","article_modified_time":"2025-11-14T19:22:06+00:00","og_image":[{"url":"https:\/\/vig-bay.com\/wp-content\/uploads\/2025\/10\/FOTO-1-e1539272793905.jpg","type":"","width":"","height":""}],"twitter_card":"summary_large_image","twitter_misc":{"Tempo estimado de leitura":"2 minutos"},"schema":{"@context":"https:\/\/schema.org","@graph":[{"@type":"WebPage","@id":"https:\/\/vig-bay.com\/vig-bay\/historia\/","url":"https:\/\/vig-bay.com\/vig-bay\/historia\/","name":"Historia - vig-bay.com","isPartOf":{"@id":"https:\/\/vig-bay.com\/#website"},"primaryImageOfPage":{"@id":"https:\/\/vig-bay.com\/vig-bay\/historia\/#primaryimage"},"image":{"@id":"https:\/\/vig-bay.com\/vig-bay\/historia\/#primaryimage"},"thumbnailUrl":"https:\/\/vig-bay.com\/wp-content\/uploads\/2025\/10\/FOTO-1-e1539272793905.jpg","datePublished":"2025-10-14T13:09:00+00:00","dateModified":"2025-11-14T19:22:06+00:00","breadcrumb":{"@id":"https:\/\/vig-bay.com\/vig-bay\/historia\/#breadcrumb"},"inLanguage":"pt-PT","potentialAction":[{"@type":"ReadAction","target":["https:\/\/vig-bay.com\/vig-bay\/historia\/"]}]},{"@type":"ImageObject","inLanguage":"pt-PT","@id":"https:\/\/vig-bay.com\/vig-bay\/historia\/#primaryimage","url":"https:\/\/vig-bay.com\/wp-content\/uploads\/2025\/10\/FOTO-1-e1539272793905.jpg","contentUrl":"https:\/\/vig-bay.com\/wp-content\/uploads\/2025\/10\/FOTO-1-e1539272793905.jpg"},{"@type":"BreadcrumbList","@id":"https:\/\/vig-bay.com\/vig-bay\/historia\/#breadcrumb","itemListElement":[{"@type":"ListItem","position":1,"name":"Portada","item":"https:\/\/vig-bay.com\/"},{"@type":"ListItem","position":2,"name":"Vig-Bay","item":"https:\/\/vig-bay.com\/?page_id=243"},{"@type":"ListItem","position":3,"name":"Historia"}]},{"@type":"WebSite","@id":"https:\/\/vig-bay.com\/#website","url":"https:\/\/vig-bay.com\/","name":"vig-bay.com","description":"","publisher":{"@id":"https:\/\/vig-bay.com\/#organization"},"potentialAction":[{"@type":"SearchAction","target":{"@type":"EntryPoint","urlTemplate":"https:\/\/vig-bay.com\/?s={search_term_string}"},"query-input":{"@type":"PropertyValueSpecification","valueRequired":true,"valueName":"search_term_string"}}],"inLanguage":"pt-PT"},{"@type":"Organization","@id":"https:\/\/vig-bay.com\/#organization","name":"vig-bay.com","url":"https:\/\/vig-bay.com\/","logo":{"@type":"ImageObject","inLanguage":"pt-PT","@id":"https:\/\/vig-bay.com\/#\/schema\/logo\/image\/","url":"https:\/\/vig-bay.com\/wp-content\/uploads\/2025\/07\/cropped-logo-vigbay_Mesa-de-trabajo-1-1.png","contentUrl":"https:\/\/vig-bay.com\/wp-content\/uploads\/2025\/07\/cropped-logo-vigbay_Mesa-de-trabajo-1-1.png","width":512,"height":512,"caption":"vig-bay.com"},"image":{"@id":"https:\/\/vig-bay.com\/#\/schema\/logo\/image\/"}}]}},"_links":{"self":[{"href":"https:\/\/vig-bay.com\/pt\/wp-json\/wp\/v2\/pages\/241","targetHints":{"allow":["GET"]}}],"collection":[{"href":"https:\/\/vig-bay.com\/pt\/wp-json\/wp\/v2\/pages"}],"about":[{"href":"https:\/\/vig-bay.com\/pt\/wp-json\/wp\/v2\/types\/page"}],"author":[{"embeddable":true,"href":"https:\/\/vig-bay.com\/pt\/wp-json\/wp\/v2\/users\/1"}],"replies":[{"embeddable":true,"href":"https:\/\/vig-bay.com\/pt\/wp-json\/wp\/v2\/comments?post=241"}],"version-history":[{"count":32,"href":"https:\/\/vig-bay.com\/pt\/wp-json\/wp\/v2\/pages\/241\/revisions"}],"predecessor-version":[{"id":1019,"href":"https:\/\/vig-bay.com\/pt\/wp-json\/wp\/v2\/pages\/241\/revisions\/1019"}],"up":[{"embeddable":true,"href":"https:\/\/vig-bay.com\/pt\/wp-json\/wp\/v2\/pages\/243"}],"wp:attachment":[{"href":"https:\/\/vig-bay.com\/pt\/wp-json\/wp\/v2\/media?parent=241"}],"curies":[{"name":"wp","href":"https:\/\/api.w.org\/{rel}","templated":true}]}}