{"id":490,"date":"2025-10-30T05:30:04","date_gmt":"2025-10-30T05:30:04","guid":{"rendered":"https:\/\/vig-bay.com\/?page_id=490"},"modified":"2025-11-19T14:32:12","modified_gmt":"2025-11-19T14:32:12","slug":"duchas","status":"publish","type":"page","link":"https:\/\/vig-bay.com\/gl\/vig-bay\/duchas\/","title":{"rendered":"Duchas"},"content":{"rendered":"<div data-elementor-type=\"wp-page\" data-elementor-id=\"490\" class=\"elementor elementor-490\" data-elementor-post-type=\"page\">\n\t\t\t\t<div class=\"elementor-element elementor-element-49ad6eb e-con-full e-flex e-con e-parent\" data-id=\"49ad6eb\" data-element_type=\"container\" data-e-type=\"container\">\n\t\t\t\t<div class=\"elementor-element elementor-element-7180f8d elementor-widget elementor-widget-text-editor\" data-id=\"7180f8d\" data-element_type=\"widget\" data-e-type=\"widget\" data-widget_type=\"text-editor.default\">\n\t\t\t\t\t\t\t\t\t<section aria-labelledby=\"intro\"><p data-start=\"141\" data-end=\"394\">Debido \u00e1 alta participaci\u00f3n prevista, <strong data-start=\"238\" data-end=\"338\">Non podemos garantir a dispo\u00f1ibilidade de auga quente para todos en todo momento<\/strong>. O subministro pode ser intermitente durante as horas punta.<\/p><p data-start=\"396\" data-end=\"862\">Solicitamos unha <strong data-start=\"411\" data-end=\"442\">uso responsable e solidario<\/strong> das duchas: priorizar o seu uso se <strong data-start=\"477\" data-end=\"504\">Realmente os necesitas.<\/strong> (por exemplo, para evitar o arrefriamento despois da carreira) e limita o tempo de permanencia para facilitar a rotaci\u00f3n.<br \/><br data-start=\"623\" data-end=\"626\" \/>Recomendaci\u00f3ns: <strong data-start=\"643\" data-end=\"677\">duchas curtas (m\u00e1x. 3 minutos)<\/strong>, Pecha a billa mentres te enxaboas e deixa a zona ordenada. Agradecemos a t\u00faa cooperaci\u00f3n para garantir que todos poidan acceder ao servizo nas mellores condici\u00f3ns posibles.<\/p><\/section>\t\t\t\t\t\t\t\t<\/div>\n\t\t\t\t<\/div>\n\t\t<div class=\"elementor-element elementor-element-24499c5 e-flex e-con-boxed e-con e-parent\" data-id=\"24499c5\" data-element_type=\"container\" data-e-type=\"container\">\n\t\t\t\t\t<div class=\"e-con-inner\">\n\t\t\t\t<div class=\"elementor-element elementor-element-0df30c6 elementor-widget elementor-widget-heading\" data-id=\"0df30c6\" data-element_type=\"widget\" data-e-type=\"widget\" data-widget_type=\"heading.default\">\n\t\t\t\t\t<h2 class=\"elementor-heading-title elementor-size-default\">Pavill\u00f3n Municipal<\/h2>\t\t\t\t<\/div>\n\t\t\t\t<div class=\"elementor-element elementor-element-1e967e7 elementor-widget elementor-widget-html\" data-id=\"1e967e7\" data-element_type=\"widget\" data-e-type=\"widget\" data-widget_type=\"html.default\">\n\t\t\t\t\t<iframe src=\"https:\/\/www.google.com\/maps\/embed?pb=!1m18!1m12!1m3!1d2959.5410823761517!2d-8.854709225481201!3d42.11729845040657!2m3!1f0!2f0!3f0!3m2!1i1024!2i768!4f13.1!3m3!1m2!1s0xd25f344729fbc43%3A0xf387add2d5f58a09!2sPabell%C3%B3n%20municipal%20de%20Baiona!5e0!3m2!1ses!2sus!4v1761806662901!5m2!1ses!2sus\" width=\"600\" height=\"450\" style=\"border:0;\" allowfullscreen=\"\" loading=\"lazy\" referrerpolicy=\"no-referrer-when-downgrade\"><\/iframe>\t\t\t\t<\/div>\n\t\t\t\t\t<\/div>\n\t\t\t\t<\/div>\n\t\t<div class=\"elementor-element elementor-element-568cf03 e-flex e-con-boxed e-con e-parent\" data-id=\"568cf03\" data-element_type=\"container\" data-e-type=\"container\">\n\t\t\t\t\t<div class=\"e-con-inner\">\n\t\t\t\t<div class=\"elementor-element elementor-element-f3de7d6 elementor-widget elementor-widget-heading\" data-id=\"f3de7d6\" data-element_type=\"widget\" data-e-type=\"widget\" data-widget_type=\"heading.default\">\n\t\t\t\t\t<h2 class=\"elementor-heading-title elementor-size-default\">Be One fitness &amp; sport (sabar\u00eds)<\/h2>\t\t\t\t<\/div>\n\t\t\t\t<div class=\"elementor-element elementor-element-f2058ca elementor-widget elementor-widget-html\" data-id=\"f2058ca\" data-element_type=\"widget\" data-e-type=\"widget\" data-widget_type=\"html.default\">\n\t\t\t\t\t<iframe src=\"https:\/\/www.google.com\/maps\/embed?pb=!1m18!1m12!1m3!1d2960.086465033467!2d-8.820836589580829!3d42.1056189710976!2m3!1f0!2f0!3f0!3m2!1i1024!2i768!4f13.1!3m3!1m2!1s0xd258cc31604a963%3A0x7c729b6d86701718!2sBeOne%20Fitness%20%26%20Sport!5e0!3m2!1ses!2ses!4v1763562602154!5m2!1ses!2ses\" width=\"600\" height=\"450\" style=\"border:0;\" allowfullscreen=\"\" loading=\"lazy\" referrerpolicy=\"no-referrer-when-downgrade\"><\/iframe>\t\t\t\t<\/div>\n\t\t\t\t\t<\/div>\n\t\t\t\t<\/div>\n\t\t<div class=\"elementor-element elementor-element-af16a20 e-flex e-con-boxed e-con e-parent\" data-id=\"af16a20\" data-element_type=\"container\" data-e-type=\"container\">\n\t\t\t\t\t<div class=\"e-con-inner\">\n\t\t\t\t<div class=\"elementor-element elementor-element-96fa7e1 elementor-widget elementor-widget-heading\" data-id=\"96fa7e1\" data-element_type=\"widget\" data-e-type=\"widget\" data-widget_type=\"heading.default\">\n\t\t\t\t\t<h2 class=\"elementor-heading-title elementor-size-default\"><h2 data-elementor-setting-key=\"title\" data-pen-placeholder=\"Teclea aqu\u00ed...\" style=\"font-size: 40px;font-style: normal;font-weight: 600;, sans-serif\">campo de f\u00fatbol de Aral<span style=\"font-family: Roboto, sans-serif;font-size: 32px;font-style: inherit\"><\/span><\/h2><\/h2>\t\t\t\t<\/div>\n\t\t\t\t\t<\/div>\n\t\t\t\t<\/div>\n\t\t<div class=\"elementor-element elementor-element-98f9537 e-flex e-con-boxed e-con e-parent\" data-id=\"98f9537\" data-element_type=\"container\" data-e-type=\"container\">\n\t\t\t\t\t<div class=\"e-con-inner\">\n\t\t\t\t<div class=\"elementor-element elementor-element-5e5d63e elementor-widget elementor-widget-html\" data-id=\"5e5d63e\" data-element_type=\"widget\" data-e-type=\"widget\" data-widget_type=\"html.default\">\n\t\t\t\t\t<!-- Campo de F\u00fatbol do Aral -->\n<iframe\n  src=\"https:\/\/www.google.com\/maps?q=Dolores%20Agrelo%203&output=embed\"\n  width=\"100%\" height=\"300\" style=\"border:0;\" loading=\"lazy\" referrerpolicy=\"no-referrer-when-downgrade\">\n<\/iframe>\t\t\t\t<\/div>\n\t\t\t\t\t<\/div>\n\t\t\t\t<\/div>\n\t\t<div class=\"elementor-element elementor-element-9c9dfe0 e-flex e-con-boxed e-con e-parent\" data-id=\"9c9dfe0\" data-element_type=\"container\" data-e-type=\"container\">\n\t\t\t\t\t<div class=\"e-con-inner\">\n\t\t\t\t<div class=\"elementor-element elementor-element-bcdcd57 elementor-widget elementor-widget-spacer\" data-id=\"bcdcd57\" data-element_type=\"widget\" data-e-type=\"widget\" data-widget_type=\"spacer.default\">\n\t\t\t\t\t\t\t<div class=\"elementor-spacer\">\n\t\t\t<div class=\"elementor-spacer-inner\"><\/div>\n\t\t<\/div>\n\t\t\t\t\t\t<\/div>\n\t\t\t\t\t<\/div>\n\t\t\t\t<\/div>\n\t\t\t\t<\/div>","protected":false},"excerpt":{"rendered":"<p>Debido a la elevada participaci\u00f3n prevista, no podemos garantizar la disponibilidad de agua caliente para todas las personas en todo [&hellip;]<\/p>\n","protected":false},"author":1,"featured_media":0,"parent":243,"menu_order":0,"comment_status":"closed","ping_status":"closed","template":"","meta":{"site-sidebar-layout":"no-sidebar","site-content-layout":"","ast-site-content-layout":"full-width-container","site-content-style":"default","site-sidebar-style":"default","ast-global-header-display":"","ast-banner-title-visibility":"","ast-main-header-display":"","ast-hfb-above-header-display":"","ast-hfb-below-header-display":"","ast-hfb-mobile-header-display":"","site-post-title":"disabled","ast-breadcrumbs-content":"","ast-featured-img":"disabled","footer-sml-layout":"","theme-transparent-header-meta":"","adv-header-id-meta":"","stick-header-meta":"","header-above-stick-meta":"","header-main-stick-meta":"","header-below-stick-meta":"","astra-migrate-meta-layouts":"default","ast-page-background-enabled":"default","ast-page-background-meta":{"desktop":{"background-color":"var(--ast-global-color-5)","background-image":"","background-repeat":"repeat","background-position":"center center","background-size":"auto","background-attachment":"scroll","background-type":"","background-media":"","overlay-type":"","overlay-color":"","overlay-opacity":"","overlay-gradient":""},"tablet":{"background-color":"","background-image":"","background-repeat":"repeat","background-position":"center center","background-size":"auto","background-attachment":"scroll","background-type":"","background-media":"","overlay-type":"","overlay-color":"","overlay-opacity":"","overlay-gradient":""},"mobile":{"background-color":"","background-image":"","background-repeat":"repeat","background-position":"center center","background-size":"auto","background-attachment":"scroll","background-type":"","background-media":"","overlay-type":"","overlay-color":"","overlay-opacity":"","overlay-gradient":""}},"ast-content-background-meta":{"desktop":{"background-color":"var(--ast-global-color-4)","background-image":"","background-repeat":"repeat","background-position":"center center","background-size":"auto","background-attachment":"scroll","background-type":"","background-media":"","overlay-type":"","overlay-color":"","overlay-opacity":"","overlay-gradient":""},"tablet":{"background-color":"var(--ast-global-color-4)","background-image":"","background-repeat":"repeat","background-position":"center center","background-size":"auto","background-attachment":"scroll","background-type":"","background-media":"","overlay-type":"","overlay-color":"","overlay-opacity":"","overlay-gradient":""},"mobile":{"background-color":"var(--ast-global-color-4)","background-image":"","background-repeat":"repeat","background-position":"center center","background-size":"auto","background-attachment":"scroll","background-type":"","background-media":"","overlay-type":"","overlay-color":"","overlay-opacity":"","overlay-gradient":""}},"footnotes":""},"class_list":["post-490","page","type-page","status-publish","hentry"],"yoast_head":"<!-- This site is optimized with the Yoast SEO plugin v27.1.1 - https:\/\/yoast.com\/product\/yoast-seo-wordpress\/ -->\n<title>Duchas - vig-bay.com<\/title>\n<meta name=\"robots\" content=\"index, follow, max-snippet:-1, max-image-preview:large, max-video-preview:-1\" \/>\n<link rel=\"canonical\" href=\"https:\/\/vig-bay.com\/gl\/vig-bay\/duchas\/\" \/>\n<meta property=\"og:locale\" content=\"gl_ES\" \/>\n<meta property=\"og:type\" content=\"article\" \/>\n<meta property=\"og:title\" content=\"Duchas - vig-bay.com\" \/>\n<meta property=\"og:description\" content=\"Debido a la elevada participaci\u00f3n prevista, no podemos garantizar la disponibilidad de agua caliente para todas las personas en todo [&hellip;]\" \/>\n<meta property=\"og:url\" content=\"https:\/\/vig-bay.com\/gl\/vig-bay\/duchas\/\" \/>\n<meta property=\"og:site_name\" content=\"vig-bay.com\" \/>\n<meta property=\"article:modified_time\" content=\"2025-11-19T14:32:12+00:00\" \/>\n<meta name=\"twitter:card\" content=\"summary_large_image\" \/>\n<meta name=\"twitter:label1\" content=\"Tempo de lectura\" \/>\n\t<meta name=\"twitter:data1\" content=\"1 minuto\" \/>\n<script type=\"application\/ld+json\" class=\"yoast-schema-graph\">{\"@context\":\"https:\/\/schema.org\",\"@graph\":[{\"@type\":\"WebPage\",\"@id\":\"https:\/\/vig-bay.com\/vig-bay\/duchas\/\",\"url\":\"https:\/\/vig-bay.com\/vig-bay\/duchas\/\",\"name\":\"Duchas - vig-bay.com\",\"isPartOf\":{\"@id\":\"https:\/\/vig-bay.com\/#website\"},\"datePublished\":\"2025-10-30T05:30:04+00:00\",\"dateModified\":\"2025-11-19T14:32:12+00:00\",\"breadcrumb\":{\"@id\":\"https:\/\/vig-bay.com\/vig-bay\/duchas\/#breadcrumb\"},\"inLanguage\":\"gl-ES\",\"potentialAction\":[{\"@type\":\"ReadAction\",\"target\":[\"https:\/\/vig-bay.com\/vig-bay\/duchas\/\"]}]},{\"@type\":\"BreadcrumbList\",\"@id\":\"https:\/\/vig-bay.com\/vig-bay\/duchas\/#breadcrumb\",\"itemListElement\":[{\"@type\":\"ListItem\",\"position\":1,\"name\":\"Portada\",\"item\":\"https:\/\/vig-bay.com\/\"},{\"@type\":\"ListItem\",\"position\":2,\"name\":\"Vig-Bay\",\"item\":\"https:\/\/vig-bay.com\/?page_id=243\"},{\"@type\":\"ListItem\",\"position\":3,\"name\":\"Duchas\"}]},{\"@type\":\"WebSite\",\"@id\":\"https:\/\/vig-bay.com\/#website\",\"url\":\"https:\/\/vig-bay.com\/\",\"name\":\"vig-bay.com\",\"description\":\"\",\"publisher\":{\"@id\":\"https:\/\/vig-bay.com\/#organization\"},\"potentialAction\":[{\"@type\":\"SearchAction\",\"target\":{\"@type\":\"EntryPoint\",\"urlTemplate\":\"https:\/\/vig-bay.com\/?s={search_term_string}\"},\"query-input\":{\"@type\":\"PropertyValueSpecification\",\"valueRequired\":true,\"valueName\":\"search_term_string\"}}],\"inLanguage\":\"gl-ES\"},{\"@type\":\"Organization\",\"@id\":\"https:\/\/vig-bay.com\/#organization\",\"name\":\"vig-bay.com\",\"url\":\"https:\/\/vig-bay.com\/\",\"logo\":{\"@type\":\"ImageObject\",\"inLanguage\":\"gl-ES\",\"@id\":\"https:\/\/vig-bay.com\/#\/schema\/logo\/image\/\",\"url\":\"https:\/\/vig-bay.com\/wp-content\/uploads\/2025\/07\/cropped-logo-vigbay_Mesa-de-trabajo-1-1.png\",\"contentUrl\":\"https:\/\/vig-bay.com\/wp-content\/uploads\/2025\/07\/cropped-logo-vigbay_Mesa-de-trabajo-1-1.png\",\"width\":512,\"height\":512,\"caption\":\"vig-bay.com\"},\"image\":{\"@id\":\"https:\/\/vig-bay.com\/#\/schema\/logo\/image\/\"}}]}<\/script>\n<!-- \/ Yoast SEO plugin. -->","yoast_head_json":{"title":"Duchas - vig-bay.com","robots":{"index":"index","follow":"follow","max-snippet":"max-snippet:-1","max-image-preview":"max-image-preview:large","max-video-preview":"max-video-preview:-1"},"canonical":"https:\/\/vig-bay.com\/gl\/vig-bay\/duchas\/","og_locale":"gl_ES","og_type":"article","og_title":"Duchas - vig-bay.com","og_description":"Debido a la elevada participaci\u00f3n prevista, no podemos garantizar la disponibilidad de agua caliente para todas las personas en todo [&hellip;]","og_url":"https:\/\/vig-bay.com\/gl\/vig-bay\/duchas\/","og_site_name":"vig-bay.com","article_modified_time":"2025-11-19T14:32:12+00:00","twitter_card":"summary_large_image","twitter_misc":{"Tempo de lectura":"1 minuto"},"schema":{"@context":"https:\/\/schema.org","@graph":[{"@type":"WebPage","@id":"https:\/\/vig-bay.com\/vig-bay\/duchas\/","url":"https:\/\/vig-bay.com\/vig-bay\/duchas\/","name":"Duchas - vig-bay.com","isPartOf":{"@id":"https:\/\/vig-bay.com\/#website"},"datePublished":"2025-10-30T05:30:04+00:00","dateModified":"2025-11-19T14:32:12+00:00","breadcrumb":{"@id":"https:\/\/vig-bay.com\/vig-bay\/duchas\/#breadcrumb"},"inLanguage":"gl-ES","potentialAction":[{"@type":"ReadAction","target":["https:\/\/vig-bay.com\/vig-bay\/duchas\/"]}]},{"@type":"BreadcrumbList","@id":"https:\/\/vig-bay.com\/vig-bay\/duchas\/#breadcrumb","itemListElement":[{"@type":"ListItem","position":1,"name":"Portada","item":"https:\/\/vig-bay.com\/"},{"@type":"ListItem","position":2,"name":"Vig-Bay","item":"https:\/\/vig-bay.com\/?page_id=243"},{"@type":"ListItem","position":3,"name":"Duchas"}]},{"@type":"WebSite","@id":"https:\/\/vig-bay.com\/#website","url":"https:\/\/vig-bay.com\/","name":"vig-bay.com","description":"","publisher":{"@id":"https:\/\/vig-bay.com\/#organization"},"potentialAction":[{"@type":"SearchAction","target":{"@type":"EntryPoint","urlTemplate":"https:\/\/vig-bay.com\/?s={search_term_string}"},"query-input":{"@type":"PropertyValueSpecification","valueRequired":true,"valueName":"search_term_string"}}],"inLanguage":"gl-ES"},{"@type":"Organization","@id":"https:\/\/vig-bay.com\/#organization","name":"vig-bay.com","url":"https:\/\/vig-bay.com\/","logo":{"@type":"ImageObject","inLanguage":"gl-ES","@id":"https:\/\/vig-bay.com\/#\/schema\/logo\/image\/","url":"https:\/\/vig-bay.com\/wp-content\/uploads\/2025\/07\/cropped-logo-vigbay_Mesa-de-trabajo-1-1.png","contentUrl":"https:\/\/vig-bay.com\/wp-content\/uploads\/2025\/07\/cropped-logo-vigbay_Mesa-de-trabajo-1-1.png","width":512,"height":512,"caption":"vig-bay.com"},"image":{"@id":"https:\/\/vig-bay.com\/#\/schema\/logo\/image\/"}}]}},"_links":{"self":[{"href":"https:\/\/vig-bay.com\/gl\/wp-json\/wp\/v2\/pages\/490","targetHints":{"allow":["GET"]}}],"collection":[{"href":"https:\/\/vig-bay.com\/gl\/wp-json\/wp\/v2\/pages"}],"about":[{"href":"https:\/\/vig-bay.com\/gl\/wp-json\/wp\/v2\/types\/page"}],"author":[{"embeddable":true,"href":"https:\/\/vig-bay.com\/gl\/wp-json\/wp\/v2\/users\/1"}],"replies":[{"embeddable":true,"href":"https:\/\/vig-bay.com\/gl\/wp-json\/wp\/v2\/comments?post=490"}],"version-history":[{"count":13,"href":"https:\/\/vig-bay.com\/gl\/wp-json\/wp\/v2\/pages\/490\/revisions"}],"predecessor-version":[{"id":1280,"href":"https:\/\/vig-bay.com\/gl\/wp-json\/wp\/v2\/pages\/490\/revisions\/1280"}],"up":[{"embeddable":true,"href":"https:\/\/vig-bay.com\/gl\/wp-json\/wp\/v2\/pages\/243"}],"wp:attachment":[{"href":"https:\/\/vig-bay.com\/gl\/wp-json\/wp\/v2\/media?parent=490"}],"curies":[{"name":"wp","href":"https:\/\/api.w.org\/{rel}","templated":true}]}}