{"id":339,"date":"2025-10-20T03:56:17","date_gmt":"2025-10-20T03:56:17","guid":{"rendered":"https:\/\/vig-bay.com\/?page_id=339"},"modified":"2025-11-04T08:45:44","modified_gmt":"2025-11-04T08:45:44","slug":"autobuses","status":"publish","type":"page","link":"https:\/\/vig-bay.com\/gl\/vig-bay\/autobuses\/","title":{"rendered":"Autobuses"},"content":{"rendered":"<div data-elementor-type=\"wp-page\" data-elementor-id=\"339\" class=\"elementor elementor-339\" data-elementor-post-type=\"page\">\n\t\t\t\t<div class=\"elementor-element elementor-element-6a283703 e-flex e-con-boxed e-con e-parent\" data-id=\"6a283703\" data-element_type=\"container\" data-e-type=\"container\">\n\t\t\t\t\t<div class=\"e-con-inner\">\n\t\t\t\t<div class=\"elementor-element elementor-element-5ded7347 e-transform elementor-widget elementor-widget-heading\" data-id=\"5ded7347\" data-element_type=\"widget\" data-e-type=\"widget\" data-settings=\"{&quot;_transform_scaleX_effect_hover&quot;:{&quot;unit&quot;:&quot;px&quot;,&quot;size&quot;:&quot;&quot;,&quot;sizes&quot;:[]},&quot;_transform_scaleX_effect_hover_tablet&quot;:{&quot;unit&quot;:&quot;px&quot;,&quot;size&quot;:&quot;&quot;,&quot;sizes&quot;:[]},&quot;_transform_scaleX_effect_hover_mobile&quot;:{&quot;unit&quot;:&quot;px&quot;,&quot;size&quot;:&quot;&quot;,&quot;sizes&quot;:[]},&quot;_transform_scaleY_effect_hover&quot;:{&quot;unit&quot;:&quot;px&quot;,&quot;size&quot;:&quot;&quot;,&quot;sizes&quot;:[]},&quot;_transform_scaleY_effect_hover_tablet&quot;:{&quot;unit&quot;:&quot;px&quot;,&quot;size&quot;:&quot;&quot;,&quot;sizes&quot;:[]},&quot;_transform_scaleY_effect_hover_mobile&quot;:{&quot;unit&quot;:&quot;px&quot;,&quot;size&quot;:&quot;&quot;,&quot;sizes&quot;:[]}}\" data-widget_type=\"heading.default\">\n\t\t\t\t\t<h2 class=\"elementor-heading-title elementor-size-default\">lo que necesitas saber<\/h2>\t\t\t\t<\/div>\n\t\t\t\t\t<\/div>\n\t\t\t\t<\/div>\n\t\t<div class=\"elementor-element elementor-element-49ad6eb e-flex e-con-boxed e-con e-parent\" data-id=\"49ad6eb\" data-element_type=\"container\" data-e-type=\"container\">\n\t\t\t\t\t<div class=\"e-con-inner\">\n\t\t\t\t<div class=\"elementor-element elementor-element-7180f8d elementor-widget elementor-widget-text-editor\" data-id=\"7180f8d\" data-element_type=\"widget\" data-e-type=\"widget\" data-widget_type=\"text-editor.default\">\n\t\t\t\t\t\t\t\t\t<p>El <strong data-start=\"836\" data-end=\"861\">servicio de autobuses<\/strong> (que deber\u00e1s reservar en tu proceso de inscripci\u00f3n) conecta la meta en Baiona con las salidas de la VIG-BAY (Vigo) y MINIBAY (Nigr\u00e1n).<\/p><p>Selecciona el trayecto que necesites al inscribirte y acude <strong data-start=\"1010\" data-end=\"1029\">10\u201315 min antes<\/strong> al punto de salida, <strong>ubicado en la entrada al Parador de Monterreal, en Baiona<\/strong>.<\/p>\t\t\t\t\t\t\t\t<\/div>\n\t\t\t\t\t<\/div>\n\t\t\t\t<\/div>\n\t\t<div class=\"elementor-element elementor-element-73d7a49 e-flex e-con-boxed e-con e-parent\" data-id=\"73d7a49\" data-element_type=\"container\" data-e-type=\"container\">\n\t\t\t\t\t<div class=\"e-con-inner\">\n\t\t\t\t<div class=\"elementor-element elementor-element-71ebfaa elementor-widget elementor-widget-html\" data-id=\"71ebfaa\" data-element_type=\"widget\" data-e-type=\"widget\" data-widget_type=\"html.default\">\n\t\t\t\t\t<iframe src=\"https:\/\/www.google.com\/maps\/embed?pb=!1m18!1m12!1m3!1d739.8367912793175!2d-8.85077343046529!3d42.12145059293194!2m3!1f0!2f0!3f0!3m2!1i1024!2i768!4f13.1!3m3!1m2!1s0xd25f35b1a251889%3A0x82e9a55ba0344f6c!2sOficina%20de%20Turismo%20de%20Baiona!5e0!3m2!1ses!2sus!4v1762245490041!5m2!1ses!2sus\" width=\"600\" height=\"450\" style=\"border:0;\" allowfullscreen=\"\" loading=\"lazy\" referrerpolicy=\"no-referrer-when-downgrade\"><\/iframe>\t\t\t\t<\/div>\n\t\t\t\t\t<\/div>\n\t\t\t\t<\/div>\n\t\t<div class=\"elementor-element elementor-element-4db6a3a e-grid e-con-boxed e-con e-parent\" data-id=\"4db6a3a\" data-element_type=\"container\" data-e-type=\"container\">\n\t\t\t\t\t<div class=\"e-con-inner\">\n\t\t\t\t<div class=\"elementor-element elementor-element-a929d37 elementor-widget elementor-widget-image\" data-id=\"a929d37\" data-element_type=\"widget\" data-e-type=\"widget\" data-widget_type=\"image.default\">\n\t\t\t\t\t\t\t\t\t\t\t\t\t\t\t<img fetchpriority=\"high\" decoding=\"async\" width=\"769\" height=\"1024\" src=\"https:\/\/vig-bay.com\/wp-content\/uploads\/2025\/10\/DSC01557-769x1024.jpg\" class=\"attachment-large size-large wp-image-340\" alt=\"servicio de autobuses Vig-Bay y Minibat\" srcset=\"https:\/\/vig-bay.com\/wp-content\/uploads\/2025\/10\/DSC01557-769x1024.jpg 769w, https:\/\/vig-bay.com\/wp-content\/uploads\/2025\/10\/DSC01557-225x300.jpg 225w, https:\/\/vig-bay.com\/wp-content\/uploads\/2025\/10\/DSC01557-768x1023.jpg 768w, https:\/\/vig-bay.com\/wp-content\/uploads\/2025\/10\/DSC01557-1153x1536.jpg 1153w, https:\/\/vig-bay.com\/wp-content\/uploads\/2025\/10\/DSC01557-1537x2048.jpg 1537w, https:\/\/vig-bay.com\/wp-content\/uploads\/2025\/10\/DSC01557-scaled.jpg 1921w\" sizes=\"(max-width: 769px) 100vw, 769px\" \/>\t\t\t\t\t\t\t\t\t\t\t\t\t\t\t<\/div>\n\t\t\t\t<div class=\"elementor-element elementor-element-daf62e6 elementor-widget elementor-widget-text-editor\" data-id=\"daf62e6\" data-element_type=\"widget\" data-e-type=\"widget\" data-widget_type=\"text-editor.default\">\n\t\t\t\t\t\t\t\t\t<section class=\"buses\"><h2>Servicio de autobuses \u00b7 VIGBAY (Medio Marat\u00f3n)<\/h2><h3>Baiona \u2192 Vigo (salida)<\/h3><p>Para os que queiran ter o seu coche na meta ou se queden a durmir en Baiona.<\/p><ul><li><strong>Hora:<\/strong> 08:00<\/li><li><strong>Punto de partida:<\/strong> entrada do\/da <strong>Parador de Baiona<\/strong><\/li><\/ul><h3>Remate (Baiona) \u2192 Inicio (Vigo)<\/h3><p>Para os que deixan o coche en Samil.<\/p><ul><li><strong>Hora:<\/strong> ao final da carreira<\/li><li><strong>Punto de partida:<\/strong> <strong>Un parque de Palma<\/strong> (Baiona)<\/li><\/ul><h3>C\u00f3mo solicitarlo<\/h3><p>Selecciona el trayecto durante la <strong>inscripci\u00f3n<\/strong>.\u00a0<\/p><\/section>\t\t\t\t\t\t\t\t<\/div>\n\t\t\t\t\t<\/div>\n\t\t\t\t<\/div>\n\t\t<div class=\"elementor-element elementor-element-4b2eff4 e-flex e-con-boxed e-con e-parent\" data-id=\"4b2eff4\" data-element_type=\"container\" data-e-type=\"container\">\n\t\t\t\t\t<div class=\"e-con-inner\">\n\t\t\t\t<div class=\"elementor-element elementor-element-aefbc2a elementor-widget elementor-widget-text-editor\" data-id=\"aefbc2a\" data-element_type=\"widget\" data-e-type=\"widget\" data-widget_type=\"text-editor.default\">\n\t\t\t\t\t\t\t\t\t<section class=\"buses\"><h2>Servicio de autobuses \u00b7 MINIBAY (10,5 km)<\/h2><h3>Baiona \u2192 Nigr\u00e1n (salida)<\/h3><p>Para os que queiran ter o seu coche na meta ou se queden a durmir en Baiona.<\/p><ul><li><strong>Hora:<\/strong> 08:00<\/li><li><strong>Punto de partida:<\/strong> entrada do\/da <strong>Parador de Baiona<\/strong><\/li><\/ul><h3>Meta (Baiona) \u2192 Salida (Nigr\u00e1n)<\/h3><p>Para quienes dejan el coche en Nigr\u00e1n.<\/p><ul><li><strong>Horario de regreso:<\/strong> 11:00\u201312:00<\/li><li><strong>Punto de partida:<\/strong> <strong>Un parque de Palma<\/strong> (Baiona)<\/li><\/ul><h3>C\u00f3mo solicitarlo<\/h3><p>Elige el trayecto en la <strong>inscripci\u00f3n<\/strong>.\u00a0<\/p><\/section>\t\t\t\t\t\t\t\t<\/div>\n\t\t\t\t\t<\/div>\n\t\t\t\t<\/div>\n\t\t<div class=\"elementor-element elementor-element-9c9dfe0 e-flex e-con-boxed e-con e-parent\" data-id=\"9c9dfe0\" data-element_type=\"container\" data-e-type=\"container\">\n\t\t\t\t\t<div class=\"e-con-inner\">\n\t\t\t\t<div class=\"elementor-element elementor-element-bcdcd57 elementor-widget elementor-widget-spacer\" data-id=\"bcdcd57\" data-element_type=\"widget\" data-e-type=\"widget\" data-widget_type=\"spacer.default\">\n\t\t\t\t\t\t\t<div class=\"elementor-spacer\">\n\t\t\t<div class=\"elementor-spacer-inner\"><\/div>\n\t\t<\/div>\n\t\t\t\t\t\t<\/div>\n\t\t\t\t\t<\/div>\n\t\t\t\t<\/div>\n\t\t\t\t<\/div>","protected":false},"excerpt":{"rendered":"<p>lo que necesitas saber El servicio de autobuses (que deber\u00e1s reservar en tu proceso de inscripci\u00f3n) conecta la meta en [&hellip;]<\/p>\n","protected":false},"author":1,"featured_media":0,"parent":243,"menu_order":0,"comment_status":"closed","ping_status":"closed","template":"","meta":{"site-sidebar-layout":"no-sidebar","site-content-layout":"","ast-site-content-layout":"full-width-container","site-content-style":"default","site-sidebar-style":"default","ast-global-header-display":"","ast-banner-title-visibility":"","ast-main-header-display":"","ast-hfb-above-header-display":"","ast-hfb-below-header-display":"","ast-hfb-mobile-header-display":"","site-post-title":"disabled","ast-breadcrumbs-content":"","ast-featured-img":"disabled","footer-sml-layout":"","theme-transparent-header-meta":"","adv-header-id-meta":"","stick-header-meta":"","header-above-stick-meta":"","header-main-stick-meta":"","header-below-stick-meta":"","astra-migrate-meta-layouts":"default","ast-page-background-enabled":"default","ast-page-background-meta":{"desktop":{"background-color":"var(--ast-global-color-5)","background-image":"","background-repeat":"repeat","background-position":"center center","background-size":"auto","background-attachment":"scroll","background-type":"","background-media":"","overlay-type":"","overlay-color":"","overlay-opacity":"","overlay-gradient":""},"tablet":{"background-color":"","background-image":"","background-repeat":"repeat","background-position":"center center","background-size":"auto","background-attachment":"scroll","background-type":"","background-media":"","overlay-type":"","overlay-color":"","overlay-opacity":"","overlay-gradient":""},"mobile":{"background-color":"","background-image":"","background-repeat":"repeat","background-position":"center center","background-size":"auto","background-attachment":"scroll","background-type":"","background-media":"","overlay-type":"","overlay-color":"","overlay-opacity":"","overlay-gradient":""}},"ast-content-background-meta":{"desktop":{"background-color":"var(--ast-global-color-4)","background-image":"","background-repeat":"repeat","background-position":"center center","background-size":"auto","background-attachment":"scroll","background-type":"","background-media":"","overlay-type":"","overlay-color":"","overlay-opacity":"","overlay-gradient":""},"tablet":{"background-color":"var(--ast-global-color-4)","background-image":"","background-repeat":"repeat","background-position":"center center","background-size":"auto","background-attachment":"scroll","background-type":"","background-media":"","overlay-type":"","overlay-color":"","overlay-opacity":"","overlay-gradient":""},"mobile":{"background-color":"var(--ast-global-color-4)","background-image":"","background-repeat":"repeat","background-position":"center center","background-size":"auto","background-attachment":"scroll","background-type":"","background-media":"","overlay-type":"","overlay-color":"","overlay-opacity":"","overlay-gradient":""}},"footnotes":""},"class_list":["post-339","page","type-page","status-publish","hentry"],"yoast_head":"<!-- This site is optimized with the Yoast SEO plugin v27.1.1 - https:\/\/yoast.com\/product\/yoast-seo-wordpress\/ -->\n<title>Autobuses - vig-bay.com<\/title>\n<meta name=\"robots\" content=\"index, follow, max-snippet:-1, max-image-preview:large, max-video-preview:-1\" \/>\n<link rel=\"canonical\" href=\"https:\/\/vig-bay.com\/gl\/vig-bay\/autobuses\/\" \/>\n<meta property=\"og:locale\" content=\"gl_ES\" \/>\n<meta property=\"og:type\" content=\"article\" \/>\n<meta property=\"og:title\" content=\"Autobuses - vig-bay.com\" \/>\n<meta property=\"og:description\" content=\"lo que necesitas saber El servicio de autobuses (que deber\u00e1s reservar en tu proceso de inscripci\u00f3n) conecta la meta en [&hellip;]\" \/>\n<meta property=\"og:url\" content=\"https:\/\/vig-bay.com\/gl\/vig-bay\/autobuses\/\" \/>\n<meta property=\"og:site_name\" content=\"vig-bay.com\" \/>\n<meta property=\"article:modified_time\" content=\"2025-11-04T08:45:44+00:00\" \/>\n<meta property=\"og:image\" content=\"https:\/\/vig-bay.com\/wp-content\/uploads\/2025\/10\/DSC01557-769x1024.jpg\" \/>\n<meta name=\"twitter:card\" content=\"summary_large_image\" \/>\n<meta name=\"twitter:label1\" content=\"Tempo de lectura\" \/>\n\t<meta name=\"twitter:data1\" content=\"1 minuto\" \/>\n<script type=\"application\/ld+json\" class=\"yoast-schema-graph\">{\"@context\":\"https:\/\/schema.org\",\"@graph\":[{\"@type\":\"WebPage\",\"@id\":\"https:\/\/vig-bay.com\/vig-bay\/autobuses\/\",\"url\":\"https:\/\/vig-bay.com\/vig-bay\/autobuses\/\",\"name\":\"Autobuses - vig-bay.com\",\"isPartOf\":{\"@id\":\"https:\/\/vig-bay.com\/#website\"},\"primaryImageOfPage\":{\"@id\":\"https:\/\/vig-bay.com\/vig-bay\/autobuses\/#primaryimage\"},\"image\":{\"@id\":\"https:\/\/vig-bay.com\/vig-bay\/autobuses\/#primaryimage\"},\"thumbnailUrl\":\"https:\/\/vig-bay.com\/wp-content\/uploads\/2025\/10\/DSC01557-769x1024.jpg\",\"datePublished\":\"2025-10-20T03:56:17+00:00\",\"dateModified\":\"2025-11-04T08:45:44+00:00\",\"breadcrumb\":{\"@id\":\"https:\/\/vig-bay.com\/vig-bay\/autobuses\/#breadcrumb\"},\"inLanguage\":\"gl-ES\",\"potentialAction\":[{\"@type\":\"ReadAction\",\"target\":[\"https:\/\/vig-bay.com\/vig-bay\/autobuses\/\"]}]},{\"@type\":\"ImageObject\",\"inLanguage\":\"gl-ES\",\"@id\":\"https:\/\/vig-bay.com\/vig-bay\/autobuses\/#primaryimage\",\"url\":\"https:\/\/vig-bay.com\/wp-content\/uploads\/2025\/10\/DSC01557-769x1024.jpg\",\"contentUrl\":\"https:\/\/vig-bay.com\/wp-content\/uploads\/2025\/10\/DSC01557-769x1024.jpg\"},{\"@type\":\"BreadcrumbList\",\"@id\":\"https:\/\/vig-bay.com\/vig-bay\/autobuses\/#breadcrumb\",\"itemListElement\":[{\"@type\":\"ListItem\",\"position\":1,\"name\":\"Portada\",\"item\":\"https:\/\/vig-bay.com\/\"},{\"@type\":\"ListItem\",\"position\":2,\"name\":\"Vig-Bay\",\"item\":\"https:\/\/vig-bay.com\/?page_id=243\"},{\"@type\":\"ListItem\",\"position\":3,\"name\":\"Autobuses\"}]},{\"@type\":\"WebSite\",\"@id\":\"https:\/\/vig-bay.com\/#website\",\"url\":\"https:\/\/vig-bay.com\/\",\"name\":\"vig-bay.com\",\"description\":\"\",\"publisher\":{\"@id\":\"https:\/\/vig-bay.com\/#organization\"},\"potentialAction\":[{\"@type\":\"SearchAction\",\"target\":{\"@type\":\"EntryPoint\",\"urlTemplate\":\"https:\/\/vig-bay.com\/?s={search_term_string}\"},\"query-input\":{\"@type\":\"PropertyValueSpecification\",\"valueRequired\":true,\"valueName\":\"search_term_string\"}}],\"inLanguage\":\"gl-ES\"},{\"@type\":\"Organization\",\"@id\":\"https:\/\/vig-bay.com\/#organization\",\"name\":\"vig-bay.com\",\"url\":\"https:\/\/vig-bay.com\/\",\"logo\":{\"@type\":\"ImageObject\",\"inLanguage\":\"gl-ES\",\"@id\":\"https:\/\/vig-bay.com\/#\/schema\/logo\/image\/\",\"url\":\"https:\/\/vig-bay.com\/wp-content\/uploads\/2025\/07\/cropped-logo-vigbay_Mesa-de-trabajo-1-1.png\",\"contentUrl\":\"https:\/\/vig-bay.com\/wp-content\/uploads\/2025\/07\/cropped-logo-vigbay_Mesa-de-trabajo-1-1.png\",\"width\":512,\"height\":512,\"caption\":\"vig-bay.com\"},\"image\":{\"@id\":\"https:\/\/vig-bay.com\/#\/schema\/logo\/image\/\"}}]}<\/script>\n<!-- \/ Yoast SEO plugin. -->","yoast_head_json":{"title":"Autobuses - vig-bay.com","robots":{"index":"index","follow":"follow","max-snippet":"max-snippet:-1","max-image-preview":"max-image-preview:large","max-video-preview":"max-video-preview:-1"},"canonical":"https:\/\/vig-bay.com\/gl\/vig-bay\/autobuses\/","og_locale":"gl_ES","og_type":"article","og_title":"Autobuses - vig-bay.com","og_description":"lo que necesitas saber El servicio de autobuses (que deber\u00e1s reservar en tu proceso de inscripci\u00f3n) conecta la meta en [&hellip;]","og_url":"https:\/\/vig-bay.com\/gl\/vig-bay\/autobuses\/","og_site_name":"vig-bay.com","article_modified_time":"2025-11-04T08:45:44+00:00","og_image":[{"url":"https:\/\/vig-bay.com\/wp-content\/uploads\/2025\/10\/DSC01557-769x1024.jpg","type":"","width":"","height":""}],"twitter_card":"summary_large_image","twitter_misc":{"Tempo de lectura":"1 minuto"},"schema":{"@context":"https:\/\/schema.org","@graph":[{"@type":"WebPage","@id":"https:\/\/vig-bay.com\/vig-bay\/autobuses\/","url":"https:\/\/vig-bay.com\/vig-bay\/autobuses\/","name":"Autobuses - vig-bay.com","isPartOf":{"@id":"https:\/\/vig-bay.com\/#website"},"primaryImageOfPage":{"@id":"https:\/\/vig-bay.com\/vig-bay\/autobuses\/#primaryimage"},"image":{"@id":"https:\/\/vig-bay.com\/vig-bay\/autobuses\/#primaryimage"},"thumbnailUrl":"https:\/\/vig-bay.com\/wp-content\/uploads\/2025\/10\/DSC01557-769x1024.jpg","datePublished":"2025-10-20T03:56:17+00:00","dateModified":"2025-11-04T08:45:44+00:00","breadcrumb":{"@id":"https:\/\/vig-bay.com\/vig-bay\/autobuses\/#breadcrumb"},"inLanguage":"gl-ES","potentialAction":[{"@type":"ReadAction","target":["https:\/\/vig-bay.com\/vig-bay\/autobuses\/"]}]},{"@type":"ImageObject","inLanguage":"gl-ES","@id":"https:\/\/vig-bay.com\/vig-bay\/autobuses\/#primaryimage","url":"https:\/\/vig-bay.com\/wp-content\/uploads\/2025\/10\/DSC01557-769x1024.jpg","contentUrl":"https:\/\/vig-bay.com\/wp-content\/uploads\/2025\/10\/DSC01557-769x1024.jpg"},{"@type":"BreadcrumbList","@id":"https:\/\/vig-bay.com\/vig-bay\/autobuses\/#breadcrumb","itemListElement":[{"@type":"ListItem","position":1,"name":"Portada","item":"https:\/\/vig-bay.com\/"},{"@type":"ListItem","position":2,"name":"Vig-Bay","item":"https:\/\/vig-bay.com\/?page_id=243"},{"@type":"ListItem","position":3,"name":"Autobuses"}]},{"@type":"WebSite","@id":"https:\/\/vig-bay.com\/#website","url":"https:\/\/vig-bay.com\/","name":"vig-bay.com","description":"","publisher":{"@id":"https:\/\/vig-bay.com\/#organization"},"potentialAction":[{"@type":"SearchAction","target":{"@type":"EntryPoint","urlTemplate":"https:\/\/vig-bay.com\/?s={search_term_string}"},"query-input":{"@type":"PropertyValueSpecification","valueRequired":true,"valueName":"search_term_string"}}],"inLanguage":"gl-ES"},{"@type":"Organization","@id":"https:\/\/vig-bay.com\/#organization","name":"vig-bay.com","url":"https:\/\/vig-bay.com\/","logo":{"@type":"ImageObject","inLanguage":"gl-ES","@id":"https:\/\/vig-bay.com\/#\/schema\/logo\/image\/","url":"https:\/\/vig-bay.com\/wp-content\/uploads\/2025\/07\/cropped-logo-vigbay_Mesa-de-trabajo-1-1.png","contentUrl":"https:\/\/vig-bay.com\/wp-content\/uploads\/2025\/07\/cropped-logo-vigbay_Mesa-de-trabajo-1-1.png","width":512,"height":512,"caption":"vig-bay.com"},"image":{"@id":"https:\/\/vig-bay.com\/#\/schema\/logo\/image\/"}}]}},"_links":{"self":[{"href":"https:\/\/vig-bay.com\/gl\/wp-json\/wp\/v2\/pages\/339","targetHints":{"allow":["GET"]}}],"collection":[{"href":"https:\/\/vig-bay.com\/gl\/wp-json\/wp\/v2\/pages"}],"about":[{"href":"https:\/\/vig-bay.com\/gl\/wp-json\/wp\/v2\/types\/page"}],"author":[{"embeddable":true,"href":"https:\/\/vig-bay.com\/gl\/wp-json\/wp\/v2\/users\/1"}],"replies":[{"embeddable":true,"href":"https:\/\/vig-bay.com\/gl\/wp-json\/wp\/v2\/comments?post=339"}],"version-history":[{"count":60,"href":"https:\/\/vig-bay.com\/gl\/wp-json\/wp\/v2\/pages\/339\/revisions"}],"predecessor-version":[{"id":845,"href":"https:\/\/vig-bay.com\/gl\/wp-json\/wp\/v2\/pages\/339\/revisions\/845"}],"up":[{"embeddable":true,"href":"https:\/\/vig-bay.com\/gl\/wp-json\/wp\/v2\/pages\/243"}],"wp:attachment":[{"href":"https:\/\/vig-bay.com\/gl\/wp-json\/wp\/v2\/media?parent=339"}],"curies":[{"name":"wp","href":"https:\/\/api.w.org\/{rel}","templated":true}]}}