{"id":3,"date":"2025-07-29T03:11:35","date_gmt":"2025-07-29T03:11:35","guid":{"rendered":"https:\/\/vig-bay.com\/?page_id=3"},"modified":"2025-11-24T11:04:39","modified_gmt":"2025-11-24T11:04:39","slug":"politica-privacidad","status":"publish","type":"page","link":"https:\/\/vig-bay.com\/gl\/politica-privacidad\/","title":{"rendered":"Pol\u00edtica de privacidade"},"content":{"rendered":"<div data-elementor-type=\"wp-page\" data-elementor-id=\"3\" class=\"elementor elementor-3\" data-elementor-post-type=\"page\">\n\t\t\t\t<div class=\"elementor-element elementor-element-4abff8c8 e-flex e-con-boxed e-con e-parent\" data-id=\"4abff8c8\" data-element_type=\"container\" data-e-type=\"container\">\n\t\t\t\t\t<div class=\"e-con-inner\">\n\t\t\t\t<div class=\"elementor-element elementor-element-166d9006 elementor-widget elementor-widget-text-editor\" data-id=\"166d9006\" data-element_type=\"widget\" data-e-type=\"widget\" data-widget_type=\"text-editor.default\">\n\t\t\t\t\t\t\t\t\t<section class=\"aviso-legal\">\n<h2>Aviso Legal y Pol\u00edtica de Privacidad<\/h2>\n<ol>\n<li>\n<p><strong>CLUB DE CORREDORES DE VIG-BAY<\/strong>, en cumplimiento de la obligaci\u00f3n prevista por el art\u00edculo 13 del Reglamento (UE) 2016\/679 de 27 de abril, relativo a la protecci\u00f3n de las personas f\u00edsicas en lo que respecta al tratamiento de datos personales y a la libre circulaci\u00f3n de esos datos, en adelante, Reglamento Europeo de Protecci\u00f3n de Datos, y LOPDGDD 3\/2018, le informamos de lo siguiente:<\/p>\n<ul>\n<li>Su denominaci\u00f3n social es <strong>CLUB DE CORREDORES DE VIG-BAY<\/strong><\/li>\n<li>Su CIF es <strong>G36862191<\/strong><\/li>\n<li>Tel\u00e9fono de contacto: <strong>674 590 548<\/strong><\/li>\n<li>Inicio: <strong>Avenida Beiramar 27-1\u00ba, 36202 Vigo (Pontevedra)<\/strong><\/li>\n<li>Inscrita en el Registro de Asociaciones Deportivas y Deportistas de Galicia con el n\u00famero <strong>642<\/strong><\/li>\n<li>Correo electr\u00f3nico de contacto: <a href=\"mailto:info@vig-bay.com\">info@vig-bay.com<\/a><\/li>\n<\/ul>\n<\/li>\n<li>\n<p>Asimismo, <strong>CLUB DE CORREDORES DE VIG-BAY<\/strong> ha adoptado las medidas y niveles de seguridad exigidos en la LOPDGDD 3\/2018,&nbsp; y dem\u00e1s normativa que la desarrolla, conforme a los datos que almacena y trata. Los procedimientos, normas y medidas establecidas podr\u00e1n ser susceptibles de mejora como consecuencia de futuros cambios en el sistema de informaci\u00f3n del Responsable del Fichero. Igualmente, pueden verse afectados ante modificaciones realizadas sobre la legislaci\u00f3n vigente en materia de protecci\u00f3n de datos.<\/p>\n<\/li>\n<li>\n<p><strong>CLUB DE CORREDORES DE VIG-BAY<\/strong> ha implantado todas las medidas t\u00e9cnicas a su alcance para garantizar la confidencialidad, integridad y disponibilidad de la informaci\u00f3n recabada a trav\u00e9s de su p\u00e1gina web <a href=\"https:\/\/vig-bay.com\/gl\/\" target=\"_blank\" rel=\"noopener\">www.vig-bay.com<\/a>.<\/p>\n<\/li>\n<li>\n<p>La informaci\u00f3n obtenida por <strong>CLUB DE CORREDORES DE VIG-BAY<\/strong> de los distintos usuarios que visitan e interact\u00faan con las p\u00e1ginas y secciones localizadas en <a href=\"https:\/\/vig-bay.com\/gl\/\" target=\"_blank\" rel=\"noopener\">www.vig-bay.com<\/a>, ser\u00e1 registrada en un fichero automatizado, propiedad de <strong>CLUB DE CORREDORES DE VIG-BAY<\/strong>, inscrito en el Registro General de la Agencia Espa\u00f1ola de Protecci\u00f3n de Datos.<\/p>\n<\/li>\n<li>\n<p>La finalidad de la recogida y tratamiento de datos ser\u00e1 la de poder, eventualmente, contactar con el usuario que visita y completa los formularios existentes en el sitio web, ahora o en el futuro, para cuestiones derivadas de la propia relaci\u00f3n comercial que se establezca entre ambas partes y el env\u00edo de comunicaciones comerciales siempre relacionadas con los servicios o productos de <strong>CLUB DE CORREDORES DE VIG-BAY<\/strong>.<\/p>\n<\/li>\n<li>\n<p>La cumplimentaci\u00f3n de los formularios, el env\u00edo de correos electr\u00f3nicos o la utilizaci\u00f3n de otros mecanismos de comunicaci\u00f3n ofrecidos en <a href=\"https:\/\/vig-bay.com\/gl\/\" target=\"_blank\" rel=\"noopener\">www.vig-bay.com<\/a>, implican el consentimiento expreso del usuario al tratamiento de sus Datos de Car\u00e1cter Personal por parte de <strong>CLUB DE CORREDORES DE VIG-BAY<\/strong>, con las finalidades expresadas en el apartado anterior.<\/p>\n<\/li>\n<li>\n<p>Cualquier usuario que lo desee puede ejercitar sus derechos de acceso, rectificaci\u00f3n, cancelaci\u00f3n y oposici\u00f3n, con arreglo a lo previsto en la LOPDGDD 3\/2018 y dem\u00e1s normativa aplicable al efecto, mediante el env\u00edo de una solicitud escrita y firmada, incluyendo su nombre, apellidos y fotocopia del DNI u otro documento acreditativo v\u00e1lido, en la que se solicite el ejercicio de aquellos derechos que desee, a:<\/p>\n<p><strong>CLUB DE CORREDORES DE VIG-BAY<\/strong><br>Avenida Beiramar 27, 36202 Vigo (Pontevedra)<\/p>\n<p>Este servicio no tendr\u00e1 coste alguno para el solicitante.<\/p>\n<p><strong>Formularios de ejercicios de derechos:<\/strong><\/p>\n<ul>\n<li>Ejercicio de derecho de acceso<\/li>\n<li>Ejercicio de derecho de rectificaci\u00f3n<\/li>\n<li>Ejercicio de derecho de supresi\u00f3n<\/li>\n<li>Ejercicio de derecho de portabilidad de los datos<\/li>\n<li>Ejercicio de derecho a la limitaci\u00f3n del tratamiento de datos<\/li>\n<li>Ejercicio de derecho a no ser objeto de decisiones individualizadas<\/li>\n<\/ul>\n<\/li>\n<li>\n<p>Cuando un usuario accede a la p\u00e1gina web de <strong>CLUB DE CORREDORES DE VIG-BAY<\/strong> puede quedar registro de par\u00e1metros tales como la direcci\u00f3n IP del usuario que se conecta, las p\u00e1ginas visitadas, la fecha y la hora de la conexi\u00f3n, que no pretender\u00e1n en ning\u00fan caso una finalidad que no sea la meramente estad\u00edstica. Cualquier otro dato de car\u00e1cter personal (nombre, direcci\u00f3n, tel\u00e9fono, correo electr\u00f3nico\u2026) que no pueda ser recabado con el mero hecho de navegar por las p\u00e1ginas existentes en un sitio web, no estar\u00e1 disponible para la entidad <strong>CLUB DE CORREDORES DE VIG-BAY<\/strong> si el propio usuario no lo proporciona en un formulario dispuesto para tal fin.<\/p>\n<\/li>\n<li>\n<p><strong>CLUB DE CORREDORES DE VIG-BAY<\/strong> se reserva la facultad de efectuar, en cualquier momento y sin necesidad de previo aviso, modificaciones y actualizaciones de la informaci\u00f3n contenida en su web o en la configuraci\u00f3n y presentaci\u00f3n de \u00e9sta.<\/p>\n<\/li>\n<li>\n<p><strong>CLUB DE CORREDORES DE VIG-BAY<\/strong> no garantiza la inexistencia de errores en el acceso al sitio web o en su contenido, ni que \u00e9ste se encuentre actualizado, aunque emplear\u00e1 todas las medidas que est\u00e9n a su alcance para evitarlos o subsanarlos.<\/p>\n<\/li>\n<li>\n<p><strong>CLUB DE CORREDORES DE VIG-BAY<\/strong> no asume responsabilidad alguna derivada de los contenidos mostrados en la conexi\u00f3n a enlaces de terceros a los que se hace referencia en la web.<\/p>\n<\/li>\n<li>\n<p>La utilizaci\u00f3n no autorizada de la informaci\u00f3n contenida en esta web, as\u00ed como la cesi\u00f3n de los derechos de Propiedad Intelectual o Industrial de <strong>CLUB DE CORREDORES DE VIG-BAY<\/strong>, dar\u00e1 lugar a las responsabilidades legalmente establecidas. Tanto el acceso a esta web como el uso que pueda hacerse de la informaci\u00f3n contenida en la misma es responsabilidad exclusiva de quien lo realiza.<\/p>\n<\/li>\n<li>\n<p><strong>CLUB DE CORREDORES DE VIG-BAY<\/strong> no se hace responsable de los posibles errores de seguridad que se puedan producir ni de los posibles da\u00f1os que se puedan causar en el sistema inform\u00e1tico del usuario como consecuencia de la presencia de virus en el ordenador empleado para la conexi\u00f3n a los servicios y contenidos de <a href=\"https:\/\/vig-bay.com\/gl\/\" target=\"_blank\" rel=\"noopener\">www.vig-bay.com<\/a>, de un mal funcionamiento del navegador o del uso de versiones no actualizadas del mismo.<\/p>\n<\/li>\n<\/ol>\n<\/section>\n<p><style>\n.aviso-legal {<br \/>  font-family: \"Poppins\", Arial, sans-serif;<br \/>  line-height: 1.6;<br \/>  color: #222;<br \/>  max-width: 900px;<br \/>  margin: 0 auto;<br \/>  padding: 2rem;<br \/>}<br \/>.aviso-legal h2 {<br \/>  font-size: 1.8rem;<br \/>  margin-bottom: 1.5rem;<br \/>  text-transform: uppercase;<br \/>  color: #b91c1c;<br \/>  text-align: center;<br \/>}<br \/>.aviso-legal ol {<br \/>  list-style: decimal;<br \/>  padding-left: 1.5rem;<br \/>}<br \/>.aviso-legal li {<br \/>  margin-bottom: 1.2rem;<br \/>}<br \/>.aviso-legal a {<br \/>  color: #ef4444;<br \/>  text-decoration: none;<br \/>}<br \/>.aviso-legal a:hover {<br \/>  text-decoration: underline;<br \/>}<br \/><\/style>\n<\/p>\t\t\t\t\t\t\t\t<\/div>\n\t\t\t\t\t<\/div>\n\t\t\t\t<\/div>\n\t\t\t\t<\/div>","protected":false},"excerpt":{"rendered":"<p>Aviso Legal y Pol\u00edtica de Privacidad CLUB DE CORREDORES VIG-BAY, en cumplimiento de la obligaci\u00f3n prevista por el art\u00edculo 13 [&hellip;]<\/p>\n","protected":false},"author":1,"featured_media":0,"parent":0,"menu_order":0,"comment_status":"closed","ping_status":"closed","template":"","meta":{"site-sidebar-layout":"default","site-content-layout":"","ast-site-content-layout":"default","site-content-style":"default","site-sidebar-style":"default","ast-global-header-display":"","ast-banner-title-visibility":"","ast-main-header-display":"","ast-hfb-above-header-display":"","ast-hfb-below-header-display":"","ast-hfb-mobile-header-display":"","site-post-title":"","ast-breadcrumbs-content":"","ast-featured-img":"","footer-sml-layout":"","theme-transparent-header-meta":"","adv-header-id-meta":"","stick-header-meta":"","header-above-stick-meta":"","header-main-stick-meta":"","header-below-stick-meta":"","astra-migrate-meta-layouts":"default","ast-page-background-enabled":"default","ast-page-background-meta":{"desktop":{"background-color":"var(--ast-global-color-5)","background-image":"","background-repeat":"repeat","background-position":"center center","background-size":"auto","background-attachment":"scroll","background-type":"","background-media":"","overlay-type":"","overlay-color":"","overlay-opacity":"","overlay-gradient":""},"tablet":{"background-color":"","background-image":"","background-repeat":"repeat","background-position":"center center","background-size":"auto","background-attachment":"scroll","background-type":"","background-media":"","overlay-type":"","overlay-color":"","overlay-opacity":"","overlay-gradient":""},"mobile":{"background-color":"","background-image":"","background-repeat":"repeat","background-position":"center center","background-size":"auto","background-attachment":"scroll","background-type":"","background-media":"","overlay-type":"","overlay-color":"","overlay-opacity":"","overlay-gradient":""}},"ast-content-background-meta":{"desktop":{"background-color":"var(--ast-global-color-4)","background-image":"","background-repeat":"repeat","background-position":"center center","background-size":"auto","background-attachment":"scroll","background-type":"","background-media":"","overlay-type":"","overlay-color":"","overlay-opacity":"","overlay-gradient":""},"tablet":{"background-color":"var(--ast-global-color-4)","background-image":"","background-repeat":"repeat","background-position":"center center","background-size":"auto","background-attachment":"scroll","background-type":"","background-media":"","overlay-type":"","overlay-color":"","overlay-opacity":"","overlay-gradient":""},"mobile":{"background-color":"var(--ast-global-color-4)","background-image":"","background-repeat":"repeat","background-position":"center center","background-size":"auto","background-attachment":"scroll","background-type":"","background-media":"","overlay-type":"","overlay-color":"","overlay-opacity":"","overlay-gradient":""}},"footnotes":""},"class_list":["post-3","page","type-page","status-publish","hentry"],"yoast_head":"<!-- This site is optimized with the Yoast SEO plugin v27.1.1 - https:\/\/yoast.com\/product\/yoast-seo-wordpress\/ -->\n<title>Pol\u00edtica de privacidad - vig-bay.com<\/title>\n<meta name=\"robots\" content=\"index, follow, max-snippet:-1, max-image-preview:large, max-video-preview:-1\" \/>\n<link rel=\"canonical\" href=\"https:\/\/vig-bay.com\/gl\/politica-privacidad\/\" \/>\n<meta property=\"og:locale\" content=\"gl_ES\" \/>\n<meta property=\"og:type\" content=\"article\" \/>\n<meta property=\"og:title\" content=\"Pol\u00edtica de privacidad - vig-bay.com\" \/>\n<meta property=\"og:description\" content=\"Aviso Legal y Pol\u00edtica de Privacidad CLUB DE CORREDORES VIG-BAY, en cumplimiento de la obligaci\u00f3n prevista por el art\u00edculo 13 [&hellip;]\" \/>\n<meta property=\"og:url\" content=\"https:\/\/vig-bay.com\/gl\/politica-privacidad\/\" \/>\n<meta property=\"og:site_name\" content=\"vig-bay.com\" \/>\n<meta property=\"article:modified_time\" content=\"2025-11-24T11:04:39+00:00\" \/>\n<meta name=\"twitter:card\" content=\"summary_large_image\" \/>\n<meta name=\"twitter:label1\" content=\"Tempo de lectura\" \/>\n\t<meta name=\"twitter:data1\" content=\"5 minutos\" \/>\n<script type=\"application\/ld+json\" class=\"yoast-schema-graph\">{\"@context\":\"https:\/\/schema.org\",\"@graph\":[{\"@type\":\"WebPage\",\"@id\":\"https:\/\/vig-bay.com\/politica-privacidad\/\",\"url\":\"https:\/\/vig-bay.com\/politica-privacidad\/\",\"name\":\"Pol\u00edtica de privacidad - vig-bay.com\",\"isPartOf\":{\"@id\":\"https:\/\/vig-bay.com\/#website\"},\"datePublished\":\"2025-07-29T03:11:35+00:00\",\"dateModified\":\"2025-11-24T11:04:39+00:00\",\"breadcrumb\":{\"@id\":\"https:\/\/vig-bay.com\/politica-privacidad\/#breadcrumb\"},\"inLanguage\":\"gl-ES\",\"potentialAction\":[{\"@type\":\"ReadAction\",\"target\":[\"https:\/\/vig-bay.com\/politica-privacidad\/\"]}]},{\"@type\":\"BreadcrumbList\",\"@id\":\"https:\/\/vig-bay.com\/politica-privacidad\/#breadcrumb\",\"itemListElement\":[{\"@type\":\"ListItem\",\"position\":1,\"name\":\"Portada\",\"item\":\"https:\/\/vig-bay.com\/\"},{\"@type\":\"ListItem\",\"position\":2,\"name\":\"Pol\u00edtica de privacidad\"}]},{\"@type\":\"WebSite\",\"@id\":\"https:\/\/vig-bay.com\/#website\",\"url\":\"https:\/\/vig-bay.com\/\",\"name\":\"vig-bay.com\",\"description\":\"\",\"publisher\":{\"@id\":\"https:\/\/vig-bay.com\/#organization\"},\"potentialAction\":[{\"@type\":\"SearchAction\",\"target\":{\"@type\":\"EntryPoint\",\"urlTemplate\":\"https:\/\/vig-bay.com\/?s={search_term_string}\"},\"query-input\":{\"@type\":\"PropertyValueSpecification\",\"valueRequired\":true,\"valueName\":\"search_term_string\"}}],\"inLanguage\":\"gl-ES\"},{\"@type\":\"Organization\",\"@id\":\"https:\/\/vig-bay.com\/#organization\",\"name\":\"vig-bay.com\",\"url\":\"https:\/\/vig-bay.com\/\",\"logo\":{\"@type\":\"ImageObject\",\"inLanguage\":\"gl-ES\",\"@id\":\"https:\/\/vig-bay.com\/#\/schema\/logo\/image\/\",\"url\":\"https:\/\/vig-bay.com\/wp-content\/uploads\/2025\/07\/cropped-logo-vigbay_Mesa-de-trabajo-1-1.png\",\"contentUrl\":\"https:\/\/vig-bay.com\/wp-content\/uploads\/2025\/07\/cropped-logo-vigbay_Mesa-de-trabajo-1-1.png\",\"width\":512,\"height\":512,\"caption\":\"vig-bay.com\"},\"image\":{\"@id\":\"https:\/\/vig-bay.com\/#\/schema\/logo\/image\/\"}}]}<\/script>\n<!-- \/ Yoast SEO plugin. -->","yoast_head_json":{"title":"Pol\u00edtica de privacidad - vig-bay.com","robots":{"index":"index","follow":"follow","max-snippet":"max-snippet:-1","max-image-preview":"max-image-preview:large","max-video-preview":"max-video-preview:-1"},"canonical":"https:\/\/vig-bay.com\/gl\/politica-privacidad\/","og_locale":"gl_ES","og_type":"article","og_title":"Pol\u00edtica de privacidad - vig-bay.com","og_description":"Aviso Legal y Pol\u00edtica de Privacidad CLUB DE CORREDORES VIG-BAY, en cumplimiento de la obligaci\u00f3n prevista por el art\u00edculo 13 [&hellip;]","og_url":"https:\/\/vig-bay.com\/gl\/politica-privacidad\/","og_site_name":"vig-bay.com","article_modified_time":"2025-11-24T11:04:39+00:00","twitter_card":"summary_large_image","twitter_misc":{"Tempo de lectura":"5 minutos"},"schema":{"@context":"https:\/\/schema.org","@graph":[{"@type":"WebPage","@id":"https:\/\/vig-bay.com\/politica-privacidad\/","url":"https:\/\/vig-bay.com\/politica-privacidad\/","name":"Pol\u00edtica de privacidad - vig-bay.com","isPartOf":{"@id":"https:\/\/vig-bay.com\/#website"},"datePublished":"2025-07-29T03:11:35+00:00","dateModified":"2025-11-24T11:04:39+00:00","breadcrumb":{"@id":"https:\/\/vig-bay.com\/politica-privacidad\/#breadcrumb"},"inLanguage":"gl-ES","potentialAction":[{"@type":"ReadAction","target":["https:\/\/vig-bay.com\/politica-privacidad\/"]}]},{"@type":"BreadcrumbList","@id":"https:\/\/vig-bay.com\/politica-privacidad\/#breadcrumb","itemListElement":[{"@type":"ListItem","position":1,"name":"Portada","item":"https:\/\/vig-bay.com\/"},{"@type":"ListItem","position":2,"name":"Pol\u00edtica de privacidad"}]},{"@type":"WebSite","@id":"https:\/\/vig-bay.com\/#website","url":"https:\/\/vig-bay.com\/","name":"vig-bay.com","description":"","publisher":{"@id":"https:\/\/vig-bay.com\/#organization"},"potentialAction":[{"@type":"SearchAction","target":{"@type":"EntryPoint","urlTemplate":"https:\/\/vig-bay.com\/?s={search_term_string}"},"query-input":{"@type":"PropertyValueSpecification","valueRequired":true,"valueName":"search_term_string"}}],"inLanguage":"gl-ES"},{"@type":"Organization","@id":"https:\/\/vig-bay.com\/#organization","name":"vig-bay.com","url":"https:\/\/vig-bay.com\/","logo":{"@type":"ImageObject","inLanguage":"gl-ES","@id":"https:\/\/vig-bay.com\/#\/schema\/logo\/image\/","url":"https:\/\/vig-bay.com\/wp-content\/uploads\/2025\/07\/cropped-logo-vigbay_Mesa-de-trabajo-1-1.png","contentUrl":"https:\/\/vig-bay.com\/wp-content\/uploads\/2025\/07\/cropped-logo-vigbay_Mesa-de-trabajo-1-1.png","width":512,"height":512,"caption":"vig-bay.com"},"image":{"@id":"https:\/\/vig-bay.com\/#\/schema\/logo\/image\/"}}]}},"_links":{"self":[{"href":"https:\/\/vig-bay.com\/gl\/wp-json\/wp\/v2\/pages\/3","targetHints":{"allow":["GET"]}}],"collection":[{"href":"https:\/\/vig-bay.com\/gl\/wp-json\/wp\/v2\/pages"}],"about":[{"href":"https:\/\/vig-bay.com\/gl\/wp-json\/wp\/v2\/types\/page"}],"author":[{"embeddable":true,"href":"https:\/\/vig-bay.com\/gl\/wp-json\/wp\/v2\/users\/1"}],"replies":[{"embeddable":true,"href":"https:\/\/vig-bay.com\/gl\/wp-json\/wp\/v2\/comments?post=3"}],"version-history":[{"count":20,"href":"https:\/\/vig-bay.com\/gl\/wp-json\/wp\/v2\/pages\/3\/revisions"}],"predecessor-version":[{"id":1319,"href":"https:\/\/vig-bay.com\/gl\/wp-json\/wp\/v2\/pages\/3\/revisions\/1319"}],"wp:attachment":[{"href":"https:\/\/vig-bay.com\/gl\/wp-json\/wp\/v2\/media?parent=3"}],"curies":[{"name":"wp","href":"https:\/\/api.w.org\/{rel}","templated":true}]}}