{"id":259,"date":"2025-10-19T14:37:12","date_gmt":"2025-10-19T14:37:12","guid":{"rendered":"https:\/\/vig-bay.com\/?page_id=259"},"modified":"2025-11-04T05:10:37","modified_gmt":"2025-11-04T05:10:37","slug":"recorrido-minibay","status":"publish","type":"page","link":"https:\/\/vig-bay.com\/gl\/vig-bay\/recorrido-minibay\/","title":{"rendered":"Percorrido MINIBAY"},"content":{"rendered":"<div data-elementor-type=\"wp-page\" data-elementor-id=\"259\" class=\"elementor elementor-259\" data-elementor-post-type=\"page\">\n\t\t\t\t<div class=\"elementor-element elementor-element-6a283703 e-flex e-con-boxed e-con e-parent\" data-id=\"6a283703\" data-element_type=\"container\" data-e-type=\"container\">\n\t\t\t\t\t<div class=\"e-con-inner\">\n\t\t\t\t<div class=\"elementor-element elementor-element-5ded7347 e-transform elementor-widget elementor-widget-heading\" data-id=\"5ded7347\" data-element_type=\"widget\" data-e-type=\"widget\" data-settings=\"{&quot;_transform_scaleX_effect_hover&quot;:{&quot;unit&quot;:&quot;px&quot;,&quot;size&quot;:&quot;&quot;,&quot;sizes&quot;:[]},&quot;_transform_scaleX_effect_hover_tablet&quot;:{&quot;unit&quot;:&quot;px&quot;,&quot;size&quot;:&quot;&quot;,&quot;sizes&quot;:[]},&quot;_transform_scaleX_effect_hover_mobile&quot;:{&quot;unit&quot;:&quot;px&quot;,&quot;size&quot;:&quot;&quot;,&quot;sizes&quot;:[]},&quot;_transform_scaleY_effect_hover&quot;:{&quot;unit&quot;:&quot;px&quot;,&quot;size&quot;:&quot;&quot;,&quot;sizes&quot;:[]},&quot;_transform_scaleY_effect_hover_tablet&quot;:{&quot;unit&quot;:&quot;px&quot;,&quot;size&quot;:&quot;&quot;,&quot;sizes&quot;:[]},&quot;_transform_scaleY_effect_hover_mobile&quot;:{&quot;unit&quot;:&quot;px&quot;,&quot;size&quot;:&quot;&quot;,&quot;sizes&quot;:[]}}\" data-widget_type=\"heading.default\">\n\t\t\t\t\t<h2 class=\"elementor-heading-title elementor-size-default\">Percorrido<\/h2>\t\t\t\t<\/div>\n\t\t\t\t<div class=\"elementor-element elementor-element-3adc7cee elementor-widget elementor-widget-text-editor\" data-id=\"3adc7cee\" data-element_type=\"widget\" data-e-type=\"widget\" data-widget_type=\"text-editor.default\">\n\t\t\t\t\t\t\t\t\t<p>Este \u00e9 o percorrido ao que te enfrontar\u00e1s na MINIBAY!<\/p>\t\t\t\t\t\t\t\t<\/div>\n\t\t\t\t\t<\/div>\n\t\t\t\t<\/div>\n\t\t<div class=\"elementor-element elementor-element-ca4ec08 e-flex e-con-boxed e-con e-parent\" data-id=\"ca4ec08\" data-element_type=\"container\" data-e-type=\"container\">\n\t\t\t\t\t<div class=\"e-con-inner\">\n\t\t\t\t<div class=\"elementor-element elementor-element-a00f5dd elementor-widget elementor-widget-text-editor\" data-id=\"a00f5dd\" data-element_type=\"widget\" data-e-type=\"widget\" data-widget_type=\"text-editor.default\">\n\t\t\t\t\t\t\t\t\t<p style=\"margin-bottom: 1.5em; font-family: Ubuntu, sans-serif; color: #212223; font-size: 18px; font-style: normal; font-weight: 400;\"><strong>NOTA IMPORTANTE:\u00a0<\/strong>Debido \u00e1 Media Marat\u00f3n VIG-BAY, esta ruta pode sufrir cambios, priorizando sempre a seguridade e o benestar dos participantes. Calquera modificaci\u00f3n ser\u00e1 comunicada con suficiente antelaci\u00f3n.<\/p><div>\u00a0<\/div>\t\t\t\t\t\t\t\t<\/div>\n\t\t\t\t\t<\/div>\n\t\t\t\t<\/div>\n\t\t<div class=\"elementor-element elementor-element-fcbffe6 e-flex e-con-boxed e-con e-parent\" data-id=\"fcbffe6\" data-element_type=\"container\" data-e-type=\"container\">\n\t\t\t\t\t<div class=\"e-con-inner\">\n\t\t\t\t<div class=\"elementor-element elementor-element-33aefb9 elementor-widget elementor-widget-html\" data-id=\"33aefb9\" data-element_type=\"widget\" data-e-type=\"widget\" data-widget_type=\"html.default\">\n\t\t\t\t\t<iframe src=\"https:\/\/racemapp.com\/recorrido\/542-vig-bay-minibay\" frameborder=\"0\" width=\"500\" height=\"400\" allow=\"fullscreen\" allowfullscreen=\"allowfullscreen\" ><\/iframe>\t\t\t\t<\/div>\n\t\t\t\t\t<\/div>\n\t\t\t\t<\/div>\n\t\t<div class=\"elementor-element elementor-element-593db72 e-flex e-con-boxed e-con e-parent\" data-id=\"593db72\" data-element_type=\"container\" data-e-type=\"container\">\n\t\t\t\t\t<div class=\"e-con-inner\">\n\t\t\t\t<div class=\"elementor-element elementor-element-ed50a62 elementor-widget elementor-widget-spacer\" data-id=\"ed50a62\" data-element_type=\"widget\" data-e-type=\"widget\" data-widget_type=\"spacer.default\">\n\t\t\t\t\t\t\t<div class=\"elementor-spacer\">\n\t\t\t<div class=\"elementor-spacer-inner\"><\/div>\n\t\t<\/div>\n\t\t\t\t\t\t<\/div>\n\t\t\t\t\t<\/div>\n\t\t\t\t<\/div>\n\t\t\t\t<\/div>","protected":false},"excerpt":{"rendered":"<p>recorrido \u00a1As\u00ed es el recorrido al que te enfrentar\u00e1s en la MINIBAY! NOTA IMPORTANTE:\u00a0Con motivo de la celebraci\u00f3n del Medio [&hellip;]<\/p>\n","protected":false},"author":1,"featured_media":0,"parent":243,"menu_order":0,"comment_status":"closed","ping_status":"closed","template":"","meta":{"site-sidebar-layout":"no-sidebar","site-content-layout":"","ast-site-content-layout":"full-width-container","site-content-style":"default","site-sidebar-style":"default","ast-global-header-display":"","ast-banner-title-visibility":"","ast-main-header-display":"","ast-hfb-above-header-display":"","ast-hfb-below-header-display":"","ast-hfb-mobile-header-display":"","site-post-title":"disabled","ast-breadcrumbs-content":"","ast-featured-img":"disabled","footer-sml-layout":"","theme-transparent-header-meta":"","adv-header-id-meta":"","stick-header-meta":"","header-above-stick-meta":"","header-main-stick-meta":"","header-below-stick-meta":"","astra-migrate-meta-layouts":"default","ast-page-background-enabled":"default","ast-page-background-meta":{"desktop":{"background-color":"var(--ast-global-color-5)","background-image":"","background-repeat":"repeat","background-position":"center center","background-size":"auto","background-attachment":"scroll","background-type":"","background-media":"","overlay-type":"","overlay-color":"","overlay-opacity":"","overlay-gradient":""},"tablet":{"background-color":"","background-image":"","background-repeat":"repeat","background-position":"center center","background-size":"auto","background-attachment":"scroll","background-type":"","background-media":"","overlay-type":"","overlay-color":"","overlay-opacity":"","overlay-gradient":""},"mobile":{"background-color":"","background-image":"","background-repeat":"repeat","background-position":"center center","background-size":"auto","background-attachment":"scroll","background-type":"","background-media":"","overlay-type":"","overlay-color":"","overlay-opacity":"","overlay-gradient":""}},"ast-content-background-meta":{"desktop":{"background-color":"var(--ast-global-color-4)","background-image":"","background-repeat":"repeat","background-position":"center center","background-size":"auto","background-attachment":"scroll","background-type":"","background-media":"","overlay-type":"","overlay-color":"","overlay-opacity":"","overlay-gradient":""},"tablet":{"background-color":"var(--ast-global-color-4)","background-image":"","background-repeat":"repeat","background-position":"center center","background-size":"auto","background-attachment":"scroll","background-type":"","background-media":"","overlay-type":"","overlay-color":"","overlay-opacity":"","overlay-gradient":""},"mobile":{"background-color":"var(--ast-global-color-4)","background-image":"","background-repeat":"repeat","background-position":"center center","background-size":"auto","background-attachment":"scroll","background-type":"","background-media":"","overlay-type":"","overlay-color":"","overlay-opacity":"","overlay-gradient":""}},"footnotes":""},"class_list":["post-259","page","type-page","status-publish","hentry"],"yoast_head":"<!-- This site is optimized with the Yoast SEO plugin v27.1.1 - https:\/\/yoast.com\/product\/yoast-seo-wordpress\/ -->\n<title>Recorrido MINIBAY - vig-bay.com<\/title>\n<meta name=\"robots\" content=\"index, follow, max-snippet:-1, max-image-preview:large, max-video-preview:-1\" \/>\n<link rel=\"canonical\" href=\"https:\/\/vig-bay.com\/gl\/vig-bay\/recorrido-minibay\/\" \/>\n<meta property=\"og:locale\" content=\"gl_ES\" \/>\n<meta property=\"og:type\" content=\"article\" \/>\n<meta property=\"og:title\" content=\"Recorrido MINIBAY - vig-bay.com\" \/>\n<meta property=\"og:description\" content=\"recorrido \u00a1As\u00ed es el recorrido al que te enfrentar\u00e1s en la MINIBAY! NOTA IMPORTANTE:\u00a0Con motivo de la celebraci\u00f3n del Medio [&hellip;]\" \/>\n<meta property=\"og:url\" content=\"https:\/\/vig-bay.com\/gl\/vig-bay\/recorrido-minibay\/\" \/>\n<meta property=\"og:site_name\" content=\"vig-bay.com\" \/>\n<meta property=\"article:modified_time\" content=\"2025-11-04T05:10:37+00:00\" \/>\n<meta name=\"twitter:card\" content=\"summary_large_image\" \/>\n<script type=\"application\/ld+json\" class=\"yoast-schema-graph\">{\"@context\":\"https:\/\/schema.org\",\"@graph\":[{\"@type\":\"WebPage\",\"@id\":\"https:\/\/vig-bay.com\/vig-bay\/recorrido-minibay\/\",\"url\":\"https:\/\/vig-bay.com\/vig-bay\/recorrido-minibay\/\",\"name\":\"Recorrido MINIBAY - vig-bay.com\",\"isPartOf\":{\"@id\":\"https:\/\/vig-bay.com\/#website\"},\"datePublished\":\"2025-10-19T14:37:12+00:00\",\"dateModified\":\"2025-11-04T05:10:37+00:00\",\"breadcrumb\":{\"@id\":\"https:\/\/vig-bay.com\/vig-bay\/recorrido-minibay\/#breadcrumb\"},\"inLanguage\":\"gl-ES\",\"potentialAction\":[{\"@type\":\"ReadAction\",\"target\":[\"https:\/\/vig-bay.com\/vig-bay\/recorrido-minibay\/\"]}]},{\"@type\":\"BreadcrumbList\",\"@id\":\"https:\/\/vig-bay.com\/vig-bay\/recorrido-minibay\/#breadcrumb\",\"itemListElement\":[{\"@type\":\"ListItem\",\"position\":1,\"name\":\"Portada\",\"item\":\"https:\/\/vig-bay.com\/\"},{\"@type\":\"ListItem\",\"position\":2,\"name\":\"Vig-Bay\",\"item\":\"https:\/\/vig-bay.com\/?page_id=243\"},{\"@type\":\"ListItem\",\"position\":3,\"name\":\"Recorrido MINIBAY\"}]},{\"@type\":\"WebSite\",\"@id\":\"https:\/\/vig-bay.com\/#website\",\"url\":\"https:\/\/vig-bay.com\/\",\"name\":\"vig-bay.com\",\"description\":\"\",\"publisher\":{\"@id\":\"https:\/\/vig-bay.com\/#organization\"},\"potentialAction\":[{\"@type\":\"SearchAction\",\"target\":{\"@type\":\"EntryPoint\",\"urlTemplate\":\"https:\/\/vig-bay.com\/?s={search_term_string}\"},\"query-input\":{\"@type\":\"PropertyValueSpecification\",\"valueRequired\":true,\"valueName\":\"search_term_string\"}}],\"inLanguage\":\"gl-ES\"},{\"@type\":\"Organization\",\"@id\":\"https:\/\/vig-bay.com\/#organization\",\"name\":\"vig-bay.com\",\"url\":\"https:\/\/vig-bay.com\/\",\"logo\":{\"@type\":\"ImageObject\",\"inLanguage\":\"gl-ES\",\"@id\":\"https:\/\/vig-bay.com\/#\/schema\/logo\/image\/\",\"url\":\"https:\/\/vig-bay.com\/wp-content\/uploads\/2025\/07\/cropped-logo-vigbay_Mesa-de-trabajo-1-1.png\",\"contentUrl\":\"https:\/\/vig-bay.com\/wp-content\/uploads\/2025\/07\/cropped-logo-vigbay_Mesa-de-trabajo-1-1.png\",\"width\":512,\"height\":512,\"caption\":\"vig-bay.com\"},\"image\":{\"@id\":\"https:\/\/vig-bay.com\/#\/schema\/logo\/image\/\"}}]}<\/script>\n<!-- \/ Yoast SEO plugin. -->","yoast_head_json":{"title":"Recorrido MINIBAY - vig-bay.com","robots":{"index":"index","follow":"follow","max-snippet":"max-snippet:-1","max-image-preview":"max-image-preview:large","max-video-preview":"max-video-preview:-1"},"canonical":"https:\/\/vig-bay.com\/gl\/vig-bay\/recorrido-minibay\/","og_locale":"gl_ES","og_type":"article","og_title":"Recorrido MINIBAY - vig-bay.com","og_description":"recorrido \u00a1As\u00ed es el recorrido al que te enfrentar\u00e1s en la MINIBAY! NOTA IMPORTANTE:\u00a0Con motivo de la celebraci\u00f3n del Medio [&hellip;]","og_url":"https:\/\/vig-bay.com\/gl\/vig-bay\/recorrido-minibay\/","og_site_name":"vig-bay.com","article_modified_time":"2025-11-04T05:10:37+00:00","twitter_card":"summary_large_image","schema":{"@context":"https:\/\/schema.org","@graph":[{"@type":"WebPage","@id":"https:\/\/vig-bay.com\/vig-bay\/recorrido-minibay\/","url":"https:\/\/vig-bay.com\/vig-bay\/recorrido-minibay\/","name":"Recorrido MINIBAY - vig-bay.com","isPartOf":{"@id":"https:\/\/vig-bay.com\/#website"},"datePublished":"2025-10-19T14:37:12+00:00","dateModified":"2025-11-04T05:10:37+00:00","breadcrumb":{"@id":"https:\/\/vig-bay.com\/vig-bay\/recorrido-minibay\/#breadcrumb"},"inLanguage":"gl-ES","potentialAction":[{"@type":"ReadAction","target":["https:\/\/vig-bay.com\/vig-bay\/recorrido-minibay\/"]}]},{"@type":"BreadcrumbList","@id":"https:\/\/vig-bay.com\/vig-bay\/recorrido-minibay\/#breadcrumb","itemListElement":[{"@type":"ListItem","position":1,"name":"Portada","item":"https:\/\/vig-bay.com\/"},{"@type":"ListItem","position":2,"name":"Vig-Bay","item":"https:\/\/vig-bay.com\/?page_id=243"},{"@type":"ListItem","position":3,"name":"Recorrido MINIBAY"}]},{"@type":"WebSite","@id":"https:\/\/vig-bay.com\/#website","url":"https:\/\/vig-bay.com\/","name":"vig-bay.com","description":"","publisher":{"@id":"https:\/\/vig-bay.com\/#organization"},"potentialAction":[{"@type":"SearchAction","target":{"@type":"EntryPoint","urlTemplate":"https:\/\/vig-bay.com\/?s={search_term_string}"},"query-input":{"@type":"PropertyValueSpecification","valueRequired":true,"valueName":"search_term_string"}}],"inLanguage":"gl-ES"},{"@type":"Organization","@id":"https:\/\/vig-bay.com\/#organization","name":"vig-bay.com","url":"https:\/\/vig-bay.com\/","logo":{"@type":"ImageObject","inLanguage":"gl-ES","@id":"https:\/\/vig-bay.com\/#\/schema\/logo\/image\/","url":"https:\/\/vig-bay.com\/wp-content\/uploads\/2025\/07\/cropped-logo-vigbay_Mesa-de-trabajo-1-1.png","contentUrl":"https:\/\/vig-bay.com\/wp-content\/uploads\/2025\/07\/cropped-logo-vigbay_Mesa-de-trabajo-1-1.png","width":512,"height":512,"caption":"vig-bay.com"},"image":{"@id":"https:\/\/vig-bay.com\/#\/schema\/logo\/image\/"}}]}},"_links":{"self":[{"href":"https:\/\/vig-bay.com\/gl\/wp-json\/wp\/v2\/pages\/259","targetHints":{"allow":["GET"]}}],"collection":[{"href":"https:\/\/vig-bay.com\/gl\/wp-json\/wp\/v2\/pages"}],"about":[{"href":"https:\/\/vig-bay.com\/gl\/wp-json\/wp\/v2\/types\/page"}],"author":[{"embeddable":true,"href":"https:\/\/vig-bay.com\/gl\/wp-json\/wp\/v2\/users\/1"}],"replies":[{"embeddable":true,"href":"https:\/\/vig-bay.com\/gl\/wp-json\/wp\/v2\/comments?post=259"}],"version-history":[{"count":13,"href":"https:\/\/vig-bay.com\/gl\/wp-json\/wp\/v2\/pages\/259\/revisions"}],"predecessor-version":[{"id":765,"href":"https:\/\/vig-bay.com\/gl\/wp-json\/wp\/v2\/pages\/259\/revisions\/765"}],"up":[{"embeddable":true,"href":"https:\/\/vig-bay.com\/gl\/wp-json\/wp\/v2\/pages\/243"}],"wp:attachment":[{"href":"https:\/\/vig-bay.com\/gl\/wp-json\/wp\/v2\/media?parent=259"}],"curies":[{"name":"wp","href":"https:\/\/api.w.org\/{rel}","templated":true}]}}