{"id":241,"date":"2025-10-14T13:09:00","date_gmt":"2025-10-14T13:09:00","guid":{"rendered":"https:\/\/vig-bay.com\/?page_id=241"},"modified":"2025-11-14T19:22:06","modified_gmt":"2025-11-14T19:22:06","slug":"historia","status":"publish","type":"page","link":"https:\/\/vig-bay.com\/gl\/vig-bay\/historia\/","title":{"rendered":"Historia"},"content":{"rendered":"<div data-elementor-type=\"wp-page\" data-elementor-id=\"241\" class=\"elementor elementor-241\" data-elementor-post-type=\"page\">\n\t\t\t\t<div class=\"elementor-element elementor-element-6a283703 e-flex e-con-boxed e-con e-parent\" data-id=\"6a283703\" data-element_type=\"container\" data-e-type=\"container\">\n\t\t\t\t\t<div class=\"e-con-inner\">\n\t\t\t\t<div class=\"elementor-element elementor-element-5ded7347 e-transform elementor-widget elementor-widget-heading\" data-id=\"5ded7347\" data-element_type=\"widget\" data-e-type=\"widget\" data-settings=\"{&quot;_transform_scaleX_effect_hover&quot;:{&quot;unit&quot;:&quot;px&quot;,&quot;size&quot;:&quot;&quot;,&quot;sizes&quot;:[]},&quot;_transform_scaleX_effect_hover_tablet&quot;:{&quot;unit&quot;:&quot;px&quot;,&quot;size&quot;:&quot;&quot;,&quot;sizes&quot;:[]},&quot;_transform_scaleX_effect_hover_mobile&quot;:{&quot;unit&quot;:&quot;px&quot;,&quot;size&quot;:&quot;&quot;,&quot;sizes&quot;:[]},&quot;_transform_scaleY_effect_hover&quot;:{&quot;unit&quot;:&quot;px&quot;,&quot;size&quot;:&quot;&quot;,&quot;sizes&quot;:[]},&quot;_transform_scaleY_effect_hover_tablet&quot;:{&quot;unit&quot;:&quot;px&quot;,&quot;size&quot;:&quot;&quot;,&quot;sizes&quot;:[]},&quot;_transform_scaleY_effect_hover_mobile&quot;:{&quot;unit&quot;:&quot;px&quot;,&quot;size&quot;:&quot;&quot;,&quot;sizes&quot;:[]}}\" data-widget_type=\"heading.default\">\n\t\t\t\t\t<h2 class=\"elementor-heading-title elementor-size-default\">CELEBRAMOS 25 ANOS DE HISTORIA!<\/h2>\t\t\t\t<\/div>\n\t\t\t\t<div class=\"elementor-element elementor-element-3adc7cee elementor-widget elementor-widget-text-editor\" data-id=\"3adc7cee\" data-element_type=\"widget\" data-e-type=\"widget\" data-widget_type=\"text-editor.default\">\n\t\t\t\t\t\t\t\t\t<p>As\u00ed comeza a carreira<\/p>\t\t\t\t\t\t\t\t<\/div>\n\t\t\t\t\t<\/div>\n\t\t\t\t<\/div>\n\t\t<div class=\"elementor-element elementor-element-3593acc e-flex e-con-boxed e-con e-parent\" data-id=\"3593acc\" data-element_type=\"container\" data-e-type=\"container\">\n\t\t\t\t\t<div class=\"e-con-inner\">\n\t\t\t\t<div class=\"elementor-element elementor-element-3684623 elementor-widget elementor-widget-video\" data-id=\"3684623\" data-element_type=\"widget\" data-e-type=\"widget\" data-settings=\"{&quot;youtube_url&quot;:&quot;https:\\\/\\\/www.youtube.com\\\/watch?v=fdSfcrBeFSI&amp;t=139s&quot;,&quot;video_type&quot;:&quot;youtube&quot;,&quot;controls&quot;:&quot;yes&quot;}\" data-widget_type=\"video.default\">\n\t\t\t\t\t\t\t<div class=\"elementor-wrapper elementor-open-inline\">\n\t\t\t<div class=\"elementor-video\"><\/div>\t\t<\/div>\n\t\t\t\t\t\t<\/div>\n\t\t\t\t\t<\/div>\n\t\t\t\t<\/div>\n\t\t<div class=\"elementor-element elementor-element-6dfc199 e-flex e-con-boxed e-con e-parent\" data-id=\"6dfc199\" data-element_type=\"container\" data-e-type=\"container\">\n\t\t\t\t\t<div class=\"e-con-inner\">\n\t\t\t\t<div class=\"elementor-element elementor-element-149889b elementor-widget elementor-widget-zigzag\" data-id=\"149889b\" data-element_type=\"widget\" data-e-type=\"widget\" data-settings=\"{&quot;image_shape&quot;:&quot;sharp&quot;}\" data-widget_type=\"zigzag.default\">\n\t\t\t\t<div class=\"elementor-widget-container\">\n\t\t\t\t\t\t\t<div class=\"ehp-zigzag has-direction-start\">\n\t\t\t\t\t\t\t<div class=\"ehp-zigzag__item-wrapper\">\n\t\t\t\t\t<div class=\"ehp-zigzag__item-container\">\n\t\t\t\t\t\t\t\t<div class=\"ehp-zigzag__graphic-element-container has-image\">\n\t\t\t\t\t\t<div class=\"ehp-image ehp-zigzag__image-container\">\n\t\t\t\t<img decoding=\"async\" class=\"ehp-image__img ehp-zigzag__img has-shape-sharp shape-type-image\" src=\"https:\/\/vig-bay.com\/wp-content\/uploads\/2025\/10\/FOTO-1-e1539272793905.jpg\" title=\"FOTO-1-e1539272793905\" alt=\"FOTO-1-e1539272793905\" loading=\"lazy\" \/>\t\t\t<\/div>\n\t\t\t\t\t<\/div>\n\t\t\t\t<div class=\"ehp-zigzag__text-container is-graphic-image\">\n\t\t\t<h2 class=\"ehp-zigzag__title\">Que \u00e9 Vig-Bay?<\/h2><p class=\"ehp-zigzag__description\">A Media Marat\u00f3n Vig-Bay \u00e9 unha carreira en ruta entre Vigo, Nigr\u00e1n e Baiona, de 21.097 metros de percorrido e homologada pola RFEA (Real Federaci\u00f3n Espa\u00f1ola de Atletismo). M\u00e1is al\u00e1 do aspecto deportivo, a s\u00faa historia encarna valores que transcenden a competici\u00f3n.<\/p>\t\t<\/div>\n\t\t\t\t\t\t\t<\/div>\n\t\t\t\t<\/div>\n\t\t\t\t\t\t\t\t<div class=\"ehp-zigzag__item-wrapper\">\n\t\t\t\t\t<div class=\"ehp-zigzag__item-container\">\n\t\t\t\t\t\t\t\t<div class=\"ehp-zigzag__graphic-element-container has-image\">\n\t\t\t\t\t\t<div class=\"ehp-image ehp-zigzag__image-container ehp-image ehp-zigzag__image-container\">\n\t\t\t\t<img decoding=\"async\" class=\"ehp-image__img ehp-zigzag__img has-shape-sharp shape-type-image\" src=\"https:\/\/vig-bay.com\/wp-content\/uploads\/2025\/10\/FOTO-3.jpg\" title=\"FOTO-3\" alt=\"FOTO-3\" loading=\"lazy\" \/>\t\t\t<\/div>\n\t\t\t\t\t<\/div>\n\t\t\t\t<div class=\"ehp-zigzag__text-container is-graphic-image\">\n\t\t\t<h2 class=\"ehp-zigzag__title\">A orixe da idea<\/h2><p class=\"ehp-zigzag__description\">A carreira naceu do so\u00f1o dun empresario, corredor entusiasta e home profundamente namorado da s\u00faa cidade. Durante os seus adestramentos pola costa, xurdiu a idea de unir as r\u00edas de Vigo e Baiona nunha media marat\u00f3n, destacando o atractivo tur\u00edstico, paisax\u00edstico e social desta zona urbana con m\u00e1is de 300.000 habitantes que atrae a miles de visitantes.<\/p>\t\t<\/div>\n\t\t\t\t\t\t\t<\/div>\n\t\t\t\t<\/div>\n\t\t\t\t\t\t\t\t<div class=\"ehp-zigzag__item-wrapper\">\n\t\t\t\t\t<div class=\"ehp-zigzag__item-container\">\n\t\t\t\t\t\t\t\t<div class=\"ehp-zigzag__graphic-element-container has-image\">\n\t\t\t\t\t\t<div class=\"ehp-image ehp-zigzag__image-container ehp-image ehp-zigzag__image-container ehp-image ehp-zigzag__image-container\">\n\t\t\t\t<img decoding=\"async\" class=\"ehp-image__img ehp-zigzag__img has-shape-sharp shape-type-image\" src=\"https:\/\/vig-bay.com\/wp-content\/uploads\/2025\/10\/Grafico2.jpg\" title=\"Gr\u00e1fico 2\" alt=\"Gra\u0301fico2\" loading=\"lazy\" \/>\t\t\t<\/div>\n\t\t\t\t\t<\/div>\n\t\t\t\t<div class=\"ehp-zigzag__text-container is-graphic-image\">\n\t\t\t<h2 class=\"ehp-zigzag__title\">Nome, lema e significado<\/h2><p class=\"ehp-zigzag__description\">Creouse o nome Vig-Bay, unha s\u00edntese de Vigo e Baiona, que tam\u00e9n evoca &quot;Great Bay&quot; en ingl\u00e9s: marca a li\u00f1a de sa\u00edda e meta e define o percorrido. O lema &quot;At all cost&quot; (Custa o que custe) xoga coa ruta costeira e o esforzo necesario para chegar \u00e1 meta. As \u00e1s non te\u00f1en un significado f\u00edsico, sen\u00f3n espiritual: elevaci\u00f3n e crecemento persoal. Na her\u00e1ldica, representan o desexo de ascender a trav\u00e9s das boas acci\u00f3ns; nos deportes, ese impulso xorde da soidade do corredor. A referencia a \u00cdcaro e ao Fedro de Plat\u00f3n l\u00e9mbranos que non abonda con ter \u00e1s: hai que aprender a voar. As\u00ed se xustificou o s\u00edmbolo, que comezou nos dorsais de carreira e acompa\u00f1a a aqueles que fixeron do deporte unha forma de sentir e de vivir.<\/p>\t\t<\/div>\n\t\t\t\t\t\t\t<\/div>\n\t\t\t\t<\/div>\n\t\t\t\t\t\t\t\t<div class=\"ehp-zigzag__item-wrapper\">\n\t\t\t\t\t<div class=\"ehp-zigzag__item-container\">\n\t\t\t\t\t\t\t\t<div class=\"ehp-zigzag__graphic-element-container has-image\">\n\t\t\t\t\t\t<div class=\"ehp-image ehp-zigzag__image-container ehp-image ehp-zigzag__image-container ehp-image ehp-zigzag__image-container ehp-image ehp-zigzag__image-container\">\n\t\t\t\t<img decoding=\"async\" class=\"ehp-image__img ehp-zigzag__img has-shape-sharp shape-type-image\" src=\"https:\/\/vig-bay.com\/wp-content\/uploads\/2025\/10\/FOTO-2.jpg\" title=\"FOTO-2\" alt=\"FOTO-2\" loading=\"lazy\" \/>\t\t\t<\/div>\n\t\t\t\t\t<\/div>\n\t\t\t\t<div class=\"ehp-zigzag__text-container is-graphic-image\">\n\t\t\t<h2 class=\"ehp-zigzag__title\">V\u00f3s facedes posible VIG-BAY!<\/h2><p class=\"ehp-zigzag__description\">A primeira edici\u00f3n tivo lugar o 27 de febreiro de 2000, con 613 atletas participantes. En 2019, a 20\u00aa edici\u00f3n celebrouse con d\u00faas opci\u00f3ns: a media marat\u00f3n e o desaf\u00edo marat\u00f3n. Tras un par\u00f3n de dous anos debido \u00e1 COVID-19, en 2022 volveron a segunda marat\u00f3n, a 21\u00aa media marat\u00f3n e a primeira MINIBAY (media marat\u00f3n), como agradecemento a todos os corredores que fixeron que o evento fose un \u00e9xito. A mensaxe dos organizadores: &quot;Grazas a todos! Por unha 25\u00aa Media Marat\u00f3n e unha 5\u00aa MINIBAY!&quot;.\u201c<\/p>\t\t<\/div>\n\t\t\t\t\t\t\t<\/div>\n\t\t\t\t<\/div>\n\t\t\t\t\t\t\t<\/div>\n\t\t\t\t\t\t<\/div>\n\t\t\t\t<\/div>\n\t\t\t\t\t<\/div>\n\t\t\t\t<\/div>\n\t\t\t\t<\/div>","protected":false},"excerpt":{"rendered":"<p>\u00a1CELEBRAMOS 25 A\u00d1OS DE HISTORIA! As\u00ed son los comienzos de la carrera https:\/\/www.youtube.com\/watch?v=fdSfcrBeFSI&#038;t=139s Qu\u00e9 es la Vig-Bay El Medio Marat\u00f3n [&hellip;]<\/p>\n","protected":false},"author":1,"featured_media":0,"parent":243,"menu_order":0,"comment_status":"closed","ping_status":"closed","template":"","meta":{"site-sidebar-layout":"no-sidebar","site-content-layout":"","ast-site-content-layout":"full-width-container","site-content-style":"default","site-sidebar-style":"default","ast-global-header-display":"","ast-banner-title-visibility":"","ast-main-header-display":"","ast-hfb-above-header-display":"","ast-hfb-below-header-display":"","ast-hfb-mobile-header-display":"","site-post-title":"disabled","ast-breadcrumbs-content":"","ast-featured-img":"disabled","footer-sml-layout":"","theme-transparent-header-meta":"","adv-header-id-meta":"","stick-header-meta":"","header-above-stick-meta":"","header-main-stick-meta":"","header-below-stick-meta":"","astra-migrate-meta-layouts":"default","ast-page-background-enabled":"default","ast-page-background-meta":{"desktop":{"background-color":"var(--ast-global-color-5)","background-image":"","background-repeat":"repeat","background-position":"center center","background-size":"auto","background-attachment":"scroll","background-type":"","background-media":"","overlay-type":"","overlay-color":"","overlay-opacity":"","overlay-gradient":""},"tablet":{"background-color":"","background-image":"","background-repeat":"repeat","background-position":"center center","background-size":"auto","background-attachment":"scroll","background-type":"","background-media":"","overlay-type":"","overlay-color":"","overlay-opacity":"","overlay-gradient":""},"mobile":{"background-color":"","background-image":"","background-repeat":"repeat","background-position":"center center","background-size":"auto","background-attachment":"scroll","background-type":"","background-media":"","overlay-type":"","overlay-color":"","overlay-opacity":"","overlay-gradient":""}},"ast-content-background-meta":{"desktop":{"background-color":"var(--ast-global-color-4)","background-image":"","background-repeat":"repeat","background-position":"center center","background-size":"auto","background-attachment":"scroll","background-type":"","background-media":"","overlay-type":"","overlay-color":"","overlay-opacity":"","overlay-gradient":""},"tablet":{"background-color":"var(--ast-global-color-4)","background-image":"","background-repeat":"repeat","background-position":"center center","background-size":"auto","background-attachment":"scroll","background-type":"","background-media":"","overlay-type":"","overlay-color":"","overlay-opacity":"","overlay-gradient":""},"mobile":{"background-color":"var(--ast-global-color-4)","background-image":"","background-repeat":"repeat","background-position":"center center","background-size":"auto","background-attachment":"scroll","background-type":"","background-media":"","overlay-type":"","overlay-color":"","overlay-opacity":"","overlay-gradient":""}},"footnotes":""},"class_list":["post-241","page","type-page","status-publish","hentry"],"yoast_head":"<!-- This site is optimized with the Yoast SEO plugin v27.1.1 - https:\/\/yoast.com\/product\/yoast-seo-wordpress\/ -->\n<title>Historia - vig-bay.com<\/title>\n<meta name=\"robots\" content=\"index, follow, max-snippet:-1, max-image-preview:large, max-video-preview:-1\" \/>\n<link rel=\"canonical\" href=\"https:\/\/vig-bay.com\/gl\/vig-bay\/historia\/\" \/>\n<meta property=\"og:locale\" content=\"gl_ES\" \/>\n<meta property=\"og:type\" content=\"article\" \/>\n<meta property=\"og:title\" content=\"Historia - vig-bay.com\" \/>\n<meta property=\"og:description\" content=\"\u00a1CELEBRAMOS 25 A\u00d1OS DE HISTORIA! As\u00ed son los comienzos de la carrera https:\/\/www.youtube.com\/watch?v=fdSfcrBeFSI&#038;t=139s Qu\u00e9 es la Vig-Bay El Medio Marat\u00f3n [&hellip;]\" \/>\n<meta property=\"og:url\" content=\"https:\/\/vig-bay.com\/gl\/vig-bay\/historia\/\" \/>\n<meta property=\"og:site_name\" content=\"vig-bay.com\" \/>\n<meta property=\"article:modified_time\" content=\"2025-11-14T19:22:06+00:00\" \/>\n<meta property=\"og:image\" content=\"https:\/\/vig-bay.com\/wp-content\/uploads\/2025\/10\/FOTO-1-e1539272793905.jpg\" \/>\n<meta name=\"twitter:card\" content=\"summary_large_image\" \/>\n<meta name=\"twitter:label1\" content=\"Tempo de lectura\" \/>\n\t<meta name=\"twitter:data1\" content=\"2 minutos\" \/>\n<script type=\"application\/ld+json\" class=\"yoast-schema-graph\">{\"@context\":\"https:\/\/schema.org\",\"@graph\":[{\"@type\":\"WebPage\",\"@id\":\"https:\/\/vig-bay.com\/vig-bay\/historia\/\",\"url\":\"https:\/\/vig-bay.com\/vig-bay\/historia\/\",\"name\":\"Historia - vig-bay.com\",\"isPartOf\":{\"@id\":\"https:\/\/vig-bay.com\/#website\"},\"primaryImageOfPage\":{\"@id\":\"https:\/\/vig-bay.com\/vig-bay\/historia\/#primaryimage\"},\"image\":{\"@id\":\"https:\/\/vig-bay.com\/vig-bay\/historia\/#primaryimage\"},\"thumbnailUrl\":\"https:\/\/vig-bay.com\/wp-content\/uploads\/2025\/10\/FOTO-1-e1539272793905.jpg\",\"datePublished\":\"2025-10-14T13:09:00+00:00\",\"dateModified\":\"2025-11-14T19:22:06+00:00\",\"breadcrumb\":{\"@id\":\"https:\/\/vig-bay.com\/vig-bay\/historia\/#breadcrumb\"},\"inLanguage\":\"gl-ES\",\"potentialAction\":[{\"@type\":\"ReadAction\",\"target\":[\"https:\/\/vig-bay.com\/vig-bay\/historia\/\"]}]},{\"@type\":\"ImageObject\",\"inLanguage\":\"gl-ES\",\"@id\":\"https:\/\/vig-bay.com\/vig-bay\/historia\/#primaryimage\",\"url\":\"https:\/\/vig-bay.com\/wp-content\/uploads\/2025\/10\/FOTO-1-e1539272793905.jpg\",\"contentUrl\":\"https:\/\/vig-bay.com\/wp-content\/uploads\/2025\/10\/FOTO-1-e1539272793905.jpg\"},{\"@type\":\"BreadcrumbList\",\"@id\":\"https:\/\/vig-bay.com\/vig-bay\/historia\/#breadcrumb\",\"itemListElement\":[{\"@type\":\"ListItem\",\"position\":1,\"name\":\"Portada\",\"item\":\"https:\/\/vig-bay.com\/\"},{\"@type\":\"ListItem\",\"position\":2,\"name\":\"Vig-Bay\",\"item\":\"https:\/\/vig-bay.com\/?page_id=243\"},{\"@type\":\"ListItem\",\"position\":3,\"name\":\"Historia\"}]},{\"@type\":\"WebSite\",\"@id\":\"https:\/\/vig-bay.com\/#website\",\"url\":\"https:\/\/vig-bay.com\/\",\"name\":\"vig-bay.com\",\"description\":\"\",\"publisher\":{\"@id\":\"https:\/\/vig-bay.com\/#organization\"},\"potentialAction\":[{\"@type\":\"SearchAction\",\"target\":{\"@type\":\"EntryPoint\",\"urlTemplate\":\"https:\/\/vig-bay.com\/?s={search_term_string}\"},\"query-input\":{\"@type\":\"PropertyValueSpecification\",\"valueRequired\":true,\"valueName\":\"search_term_string\"}}],\"inLanguage\":\"gl-ES\"},{\"@type\":\"Organization\",\"@id\":\"https:\/\/vig-bay.com\/#organization\",\"name\":\"vig-bay.com\",\"url\":\"https:\/\/vig-bay.com\/\",\"logo\":{\"@type\":\"ImageObject\",\"inLanguage\":\"gl-ES\",\"@id\":\"https:\/\/vig-bay.com\/#\/schema\/logo\/image\/\",\"url\":\"https:\/\/vig-bay.com\/wp-content\/uploads\/2025\/07\/cropped-logo-vigbay_Mesa-de-trabajo-1-1.png\",\"contentUrl\":\"https:\/\/vig-bay.com\/wp-content\/uploads\/2025\/07\/cropped-logo-vigbay_Mesa-de-trabajo-1-1.png\",\"width\":512,\"height\":512,\"caption\":\"vig-bay.com\"},\"image\":{\"@id\":\"https:\/\/vig-bay.com\/#\/schema\/logo\/image\/\"}}]}<\/script>\n<!-- \/ Yoast SEO plugin. -->","yoast_head_json":{"title":"Historia - vig-bay.com","robots":{"index":"index","follow":"follow","max-snippet":"max-snippet:-1","max-image-preview":"max-image-preview:large","max-video-preview":"max-video-preview:-1"},"canonical":"https:\/\/vig-bay.com\/gl\/vig-bay\/historia\/","og_locale":"gl_ES","og_type":"article","og_title":"Historia - vig-bay.com","og_description":"\u00a1CELEBRAMOS 25 A\u00d1OS DE HISTORIA! As\u00ed son los comienzos de la carrera https:\/\/www.youtube.com\/watch?v=fdSfcrBeFSI&#038;t=139s Qu\u00e9 es la Vig-Bay El Medio Marat\u00f3n [&hellip;]","og_url":"https:\/\/vig-bay.com\/gl\/vig-bay\/historia\/","og_site_name":"vig-bay.com","article_modified_time":"2025-11-14T19:22:06+00:00","og_image":[{"url":"https:\/\/vig-bay.com\/wp-content\/uploads\/2025\/10\/FOTO-1-e1539272793905.jpg","type":"","width":"","height":""}],"twitter_card":"summary_large_image","twitter_misc":{"Tempo de lectura":"2 minutos"},"schema":{"@context":"https:\/\/schema.org","@graph":[{"@type":"WebPage","@id":"https:\/\/vig-bay.com\/vig-bay\/historia\/","url":"https:\/\/vig-bay.com\/vig-bay\/historia\/","name":"Historia - vig-bay.com","isPartOf":{"@id":"https:\/\/vig-bay.com\/#website"},"primaryImageOfPage":{"@id":"https:\/\/vig-bay.com\/vig-bay\/historia\/#primaryimage"},"image":{"@id":"https:\/\/vig-bay.com\/vig-bay\/historia\/#primaryimage"},"thumbnailUrl":"https:\/\/vig-bay.com\/wp-content\/uploads\/2025\/10\/FOTO-1-e1539272793905.jpg","datePublished":"2025-10-14T13:09:00+00:00","dateModified":"2025-11-14T19:22:06+00:00","breadcrumb":{"@id":"https:\/\/vig-bay.com\/vig-bay\/historia\/#breadcrumb"},"inLanguage":"gl-ES","potentialAction":[{"@type":"ReadAction","target":["https:\/\/vig-bay.com\/vig-bay\/historia\/"]}]},{"@type":"ImageObject","inLanguage":"gl-ES","@id":"https:\/\/vig-bay.com\/vig-bay\/historia\/#primaryimage","url":"https:\/\/vig-bay.com\/wp-content\/uploads\/2025\/10\/FOTO-1-e1539272793905.jpg","contentUrl":"https:\/\/vig-bay.com\/wp-content\/uploads\/2025\/10\/FOTO-1-e1539272793905.jpg"},{"@type":"BreadcrumbList","@id":"https:\/\/vig-bay.com\/vig-bay\/historia\/#breadcrumb","itemListElement":[{"@type":"ListItem","position":1,"name":"Portada","item":"https:\/\/vig-bay.com\/"},{"@type":"ListItem","position":2,"name":"Vig-Bay","item":"https:\/\/vig-bay.com\/?page_id=243"},{"@type":"ListItem","position":3,"name":"Historia"}]},{"@type":"WebSite","@id":"https:\/\/vig-bay.com\/#website","url":"https:\/\/vig-bay.com\/","name":"vig-bay.com","description":"","publisher":{"@id":"https:\/\/vig-bay.com\/#organization"},"potentialAction":[{"@type":"SearchAction","target":{"@type":"EntryPoint","urlTemplate":"https:\/\/vig-bay.com\/?s={search_term_string}"},"query-input":{"@type":"PropertyValueSpecification","valueRequired":true,"valueName":"search_term_string"}}],"inLanguage":"gl-ES"},{"@type":"Organization","@id":"https:\/\/vig-bay.com\/#organization","name":"vig-bay.com","url":"https:\/\/vig-bay.com\/","logo":{"@type":"ImageObject","inLanguage":"gl-ES","@id":"https:\/\/vig-bay.com\/#\/schema\/logo\/image\/","url":"https:\/\/vig-bay.com\/wp-content\/uploads\/2025\/07\/cropped-logo-vigbay_Mesa-de-trabajo-1-1.png","contentUrl":"https:\/\/vig-bay.com\/wp-content\/uploads\/2025\/07\/cropped-logo-vigbay_Mesa-de-trabajo-1-1.png","width":512,"height":512,"caption":"vig-bay.com"},"image":{"@id":"https:\/\/vig-bay.com\/#\/schema\/logo\/image\/"}}]}},"_links":{"self":[{"href":"https:\/\/vig-bay.com\/gl\/wp-json\/wp\/v2\/pages\/241","targetHints":{"allow":["GET"]}}],"collection":[{"href":"https:\/\/vig-bay.com\/gl\/wp-json\/wp\/v2\/pages"}],"about":[{"href":"https:\/\/vig-bay.com\/gl\/wp-json\/wp\/v2\/types\/page"}],"author":[{"embeddable":true,"href":"https:\/\/vig-bay.com\/gl\/wp-json\/wp\/v2\/users\/1"}],"replies":[{"embeddable":true,"href":"https:\/\/vig-bay.com\/gl\/wp-json\/wp\/v2\/comments?post=241"}],"version-history":[{"count":32,"href":"https:\/\/vig-bay.com\/gl\/wp-json\/wp\/v2\/pages\/241\/revisions"}],"predecessor-version":[{"id":1019,"href":"https:\/\/vig-bay.com\/gl\/wp-json\/wp\/v2\/pages\/241\/revisions\/1019"}],"up":[{"embeddable":true,"href":"https:\/\/vig-bay.com\/gl\/wp-json\/wp\/v2\/pages\/243"}],"wp:attachment":[{"href":"https:\/\/vig-bay.com\/gl\/wp-json\/wp\/v2\/media?parent=241"}],"curies":[{"name":"wp","href":"https:\/\/api.w.org\/{rel}","templated":true}]}}